{"id":1782,"date":"2025-05-28T00:40:53","date_gmt":"2025-05-28T00:40:53","guid":{"rendered":"https:\/\/rinconcabrerafotografia.com\/?page_id=1782"},"modified":"2025-05-28T02:48:52","modified_gmt":"2025-05-28T02:48:52","slug":"7-a-11-meses","status":"publish","type":"page","link":"https:\/\/rinconcabrerafotografia.com\/index.php\/7-a-11-meses\/","title":{"rendered":"7 a 11 Meses"},"content":{"rendered":"\t\t<div data-elementor-type=\"wp-page\" data-elementor-id=\"1782\" class=\"elementor elementor-1782\" data-elementor-post-type=\"page\">\n\t\t\t\t<div class=\"aux-parallax-section elementor-element elementor-element-6a7e38f e-flex e-con-boxed e-con e-parent\" data-id=\"6a7e38f\" data-element_type=\"container\">\n\t\t\t\t\t<div class=\"e-con-inner\">\n\t\t\t\t<div class=\"elementor-element elementor-element-0095ca4 elementor-widget__width-initial elementor-widget elementor-widget-heading\" data-id=\"0095ca4\" data-element_type=\"widget\" data-widget_type=\"heading.default\">\n\t\t\t\t<div class=\"elementor-widget-container\">\n\t\t\t\t\t<h1 class=\"elementor-heading-title elementor-size-default\">De los 7 a los 11 meses: la curiosidad lo llena todo<\/h1>\t\t\t\t<\/div>\n\t\t\t\t<\/div>\n\t\t\t\t<div class=\"elementor-element elementor-element-de3e99e elementor-widget__width-initial elementor-widget elementor-widget-text-editor\" data-id=\"de3e99e\" data-element_type=\"widget\" data-widget_type=\"text-editor.default\">\n\t\t\t\t<div class=\"elementor-widget-container\">\n\t\t\t\t\t\t\t\t\t<p class=\"p1\">En esta etapa, tu beb\u00e9 empieza a gatear, explorar y mostrarse tal cual es: curioso, aventurero y lleno de energ\u00eda. Sus manitos siempre quieren tocarlo todo y su risa contagia cada rinc\u00f3n. En nuestras sesiones de fotos para beb\u00e9s de 7 a 11 meses, buscamos capturar esa chispa en su mirada y esas expresiones tan aut\u00e9nticas que lo hacen \u00fanico. Queremos que tengas un recuerdo lleno de alegr\u00eda y ternura que te transporte a estos d\u00edas de descubrimiento.<\/p>\t\t\t\t\t\t\t\t<\/div>\n\t\t\t\t<\/div>\n\t\t\t\t\t<\/div>\n\t\t\t\t<\/div>\n\t\t<div class=\"aux-parallax-section elementor-element elementor-element-80059ae e-flex e-con-boxed e-con e-parent\" data-id=\"80059ae\" data-element_type=\"container\">\n\t\t\t\t\t<div class=\"e-con-inner\">\n\t\t\t\t<div class=\"elementor-element elementor-element-e471930 elementor-widget elementor-widget-gallery\" data-id=\"e471930\" data-element_type=\"widget\" data-settings=\"{&quot;gallery_layout&quot;:&quot;masonry&quot;,&quot;columns&quot;:3,&quot;lazyload&quot;:&quot;yes&quot;,&quot;columns_tablet&quot;:2,&quot;columns_mobile&quot;:1,&quot;gap&quot;:{&quot;unit&quot;:&quot;px&quot;,&quot;size&quot;:10,&quot;sizes&quot;:[]},&quot;gap_tablet&quot;:{&quot;unit&quot;:&quot;px&quot;,&quot;size&quot;:10,&quot;sizes&quot;:[]},&quot;gap_mobile&quot;:{&quot;unit&quot;:&quot;px&quot;,&quot;size&quot;:10,&quot;sizes&quot;:[]},&quot;link_to&quot;:&quot;file&quot;,&quot;overlay_background&quot;:&quot;yes&quot;,&quot;content_hover_animation&quot;:&quot;fade-in&quot;}\" data-widget_type=\"gallery.default\">\n\t\t\t\t<div class=\"elementor-widget-container\">\n\t\t\t\t\t\t\t<div class=\"elementor-gallery__container\">\n\t\t\t\t\t\t\t<a class=\"e-gallery-item elementor-gallery-item elementor-animated-content\" href=\"https:\/\/rinconcabrerafotografia.com\/wp-content\/uploads\/2025\/05\/DSC5919-copia.jpg\" data-elementor-open-lightbox=\"yes\" data-elementor-lightbox-slideshow=\"e471930\" data-elementor-lightbox-title=\"_DSC5919 copia\" data-e-action-hash=\"#elementor-action%3Aaction%3Dlightbox%26settings%3DeyJpZCI6MTY5OSwidXJsIjoiaHR0cHM6XC9cL3JpbmNvbmNhYnJlcmFmb3RvZ3JhZmlhLmNvbVwvd3AtY29udGVudFwvdXBsb2Fkc1wvMjAyNVwvMDVcL0RTQzU5MTktY29waWEuanBnIiwic2xpZGVzaG93IjoiZTQ3MTkzMCJ9\">\n\t\t\t\t\t<div class=\"e-gallery-image elementor-gallery-item__image\" data-thumbnail=\"https:\/\/rinconcabrerafotografia.com\/wp-content\/uploads\/2025\/05\/DSC5919-copia.jpg\" data-width=\"1980\" data-height=\"1322\" aria-label=\"\" role=\"img\" ><\/div>\n\t\t\t\t\t\t\t\t\t\t\t<div class=\"elementor-gallery-item__overlay\"><\/div>\n\t\t\t\t\t\t\t\t\t\t\t\t\t\t<\/a>\n\t\t\t\t\t\t\t<a class=\"e-gallery-item elementor-gallery-item elementor-animated-content\" href=\"https:\/\/rinconcabrerafotografia.com\/wp-content\/uploads\/2025\/05\/DSC5912-copia.jpg\" data-elementor-open-lightbox=\"yes\" data-elementor-lightbox-slideshow=\"e471930\" data-elementor-lightbox-title=\"_DSC5912 copia\" data-e-action-hash=\"#elementor-action%3Aaction%3Dlightbox%26settings%3DeyJpZCI6MTY5OCwidXJsIjoiaHR0cHM6XC9cL3JpbmNvbmNhYnJlcmFmb3RvZ3JhZmlhLmNvbVwvd3AtY29udGVudFwvdXBsb2Fkc1wvMjAyNVwvMDVcL0RTQzU5MTItY29waWEuanBnIiwic2xpZGVzaG93IjoiZTQ3MTkzMCJ9\">\n\t\t\t\t\t<div class=\"e-gallery-image elementor-gallery-item__image\" data-thumbnail=\"https:\/\/rinconcabrerafotografia.com\/wp-content\/uploads\/2025\/05\/DSC5912-copia.jpg\" data-width=\"1980\" data-height=\"1322\" aria-label=\"\" role=\"img\" ><\/div>\n\t\t\t\t\t\t\t\t\t\t\t<div class=\"elementor-gallery-item__overlay\"><\/div>\n\t\t\t\t\t\t\t\t\t\t\t\t\t\t<\/a>\n\t\t\t\t\t\t\t<a class=\"e-gallery-item elementor-gallery-item elementor-animated-content\" href=\"https:\/\/rinconcabrerafotografia.com\/wp-content\/uploads\/2025\/05\/DSC5891-copia.jpg\" data-elementor-open-lightbox=\"yes\" data-elementor-lightbox-slideshow=\"e471930\" data-elementor-lightbox-title=\"_DSC5891 copia\" data-e-action-hash=\"#elementor-action%3Aaction%3Dlightbox%26settings%3DeyJpZCI6MTY5NywidXJsIjoiaHR0cHM6XC9cL3JpbmNvbmNhYnJlcmFmb3RvZ3JhZmlhLmNvbVwvd3AtY29udGVudFwvdXBsb2Fkc1wvMjAyNVwvMDVcL0RTQzU4OTEtY29waWEuanBnIiwic2xpZGVzaG93IjoiZTQ3MTkzMCJ9\">\n\t\t\t\t\t<div class=\"e-gallery-image elementor-gallery-item__image\" data-thumbnail=\"https:\/\/rinconcabrerafotografia.com\/wp-content\/uploads\/2025\/05\/DSC5891-copia.jpg\" data-width=\"1980\" data-height=\"1363\" aria-label=\"\" role=\"img\" ><\/div>\n\t\t\t\t\t\t\t\t\t\t\t<div class=\"elementor-gallery-item__overlay\"><\/div>\n\t\t\t\t\t\t\t\t\t\t\t\t\t\t<\/a>\n\t\t\t\t\t\t\t<a class=\"e-gallery-item elementor-gallery-item elementor-animated-content\" href=\"https:\/\/rinconcabrerafotografia.com\/wp-content\/uploads\/2025\/05\/DSC2317-copia.jpg\" data-elementor-open-lightbox=\"yes\" data-elementor-lightbox-slideshow=\"e471930\" data-elementor-lightbox-title=\"_DSC2317 copia\" data-e-action-hash=\"#elementor-action%3Aaction%3Dlightbox%26settings%3DeyJpZCI6MTY3MSwidXJsIjoiaHR0cHM6XC9cL3JpbmNvbmNhYnJlcmFmb3RvZ3JhZmlhLmNvbVwvd3AtY29udGVudFwvdXBsb2Fkc1wvMjAyNVwvMDVcL0RTQzIzMTctY29waWEuanBnIiwic2xpZGVzaG93IjoiZTQ3MTkzMCJ9\">\n\t\t\t\t\t<div class=\"e-gallery-image elementor-gallery-item__image\" data-thumbnail=\"https:\/\/rinconcabrerafotografia.com\/wp-content\/uploads\/2025\/05\/DSC2317-copia.jpg\" data-width=\"1980\" data-height=\"1321\" aria-label=\"\" role=\"img\" ><\/div>\n\t\t\t\t\t\t\t\t\t\t\t<div class=\"elementor-gallery-item__overlay\"><\/div>\n\t\t\t\t\t\t\t\t\t\t\t\t\t\t<\/a>\n\t\t\t\t\t\t\t<a class=\"e-gallery-item elementor-gallery-item elementor-animated-content\" href=\"https:\/\/rinconcabrerafotografia.com\/wp-content\/uploads\/2025\/05\/DSC8938-copia.jpg\" data-elementor-open-lightbox=\"yes\" data-elementor-lightbox-slideshow=\"e471930\" data-elementor-lightbox-title=\"_DSC8938 copia\" data-e-action-hash=\"#elementor-action%3Aaction%3Dlightbox%26settings%3DeyJpZCI6MTcwMywidXJsIjoiaHR0cHM6XC9cL3JpbmNvbmNhYnJlcmFmb3RvZ3JhZmlhLmNvbVwvd3AtY29udGVudFwvdXBsb2Fkc1wvMjAyNVwvMDVcL0RTQzg5MzgtY29waWEuanBnIiwic2xpZGVzaG93IjoiZTQ3MTkzMCJ9\">\n\t\t\t\t\t<div class=\"e-gallery-image elementor-gallery-item__image\" data-thumbnail=\"https:\/\/rinconcabrerafotografia.com\/wp-content\/uploads\/2025\/05\/DSC8938-copia.jpg\" data-width=\"1980\" data-height=\"1322\" aria-label=\"\" role=\"img\" ><\/div>\n\t\t\t\t\t\t\t\t\t\t\t<div class=\"elementor-gallery-item__overlay\"><\/div>\n\t\t\t\t\t\t\t\t\t\t\t\t\t\t<\/a>\n\t\t\t\t\t\t\t<a class=\"e-gallery-item elementor-gallery-item elementor-animated-content\" href=\"https:\/\/rinconcabrerafotografia.com\/wp-content\/uploads\/2025\/05\/DSC8922-copia.jpg\" data-elementor-open-lightbox=\"yes\" data-elementor-lightbox-slideshow=\"e471930\" data-elementor-lightbox-title=\"_DSC8922 copia\" data-e-action-hash=\"#elementor-action%3Aaction%3Dlightbox%26settings%3DeyJpZCI6MTcwMiwidXJsIjoiaHR0cHM6XC9cL3JpbmNvbmNhYnJlcmFmb3RvZ3JhZmlhLmNvbVwvd3AtY29udGVudFwvdXBsb2Fkc1wvMjAyNVwvMDVcL0RTQzg5MjItY29waWEuanBnIiwic2xpZGVzaG93IjoiZTQ3MTkzMCJ9\">\n\t\t\t\t\t<div class=\"e-gallery-image elementor-gallery-item__image\" data-thumbnail=\"https:\/\/rinconcabrerafotografia.com\/wp-content\/uploads\/2025\/05\/DSC8922-copia.jpg\" data-width=\"1980\" data-height=\"1322\" aria-label=\"\" role=\"img\" ><\/div>\n\t\t\t\t\t\t\t\t\t\t\t<div class=\"elementor-gallery-item__overlay\"><\/div>\n\t\t\t\t\t\t\t\t\t\t\t\t\t\t<\/a>\n\t\t\t\t\t<\/div>\n\t\t\t\t\t<\/div>\n\t\t\t\t<\/div>\n\t\t\t\t\t<\/div>\n\t\t\t\t<\/div>\n\t\t\t\t<\/div>\n\t\t","protected":false},"excerpt":{"rendered":"<p>De los 7 a los 11 meses: la curiosidad lo llena todo En esta etapa, tu beb\u00e9 empieza a gatear, explorar y mostrarse tal cual es: curioso, aventurero y lleno de energ\u00eda. Sus manitos siempre quieren tocarlo todo y su risa contagia cada rinc\u00f3n. En nuestras sesiones de fotos para beb\u00e9s de 7 a 11 [&hellip;]<\/p>\n","protected":false},"author":1,"featured_media":0,"parent":0,"menu_order":0,"comment_status":"closed","ping_status":"closed","template":"","meta":{"_joinchat":[],"footnotes":""},"class_list":["post-1782","page","type-page","status-publish","hentry"],"_links":{"self":[{"href":"https:\/\/rinconcabrerafotografia.com\/index.php\/wp-json\/wp\/v2\/pages\/1782","targetHints":{"allow":["GET"]}}],"collection":[{"href":"https:\/\/rinconcabrerafotografia.com\/index.php\/wp-json\/wp\/v2\/pages"}],"about":[{"href":"https:\/\/rinconcabrerafotografia.com\/index.php\/wp-json\/wp\/v2\/types\/page"}],"author":[{"embeddable":true,"href":"https:\/\/rinconcabrerafotografia.com\/index.php\/wp-json\/wp\/v2\/users\/1"}],"replies":[{"embeddable":true,"href":"https:\/\/rinconcabrerafotografia.com\/index.php\/wp-json\/wp\/v2\/comments?post=1782"}],"version-history":[{"count":22,"href":"https:\/\/rinconcabrerafotografia.com\/index.php\/wp-json\/wp\/v2\/pages\/1782\/revisions"}],"predecessor-version":[{"id":2035,"href":"https:\/\/rinconcabrerafotografia.com\/index.php\/wp-json\/wp\/v2\/pages\/1782\/revisions\/2035"}],"wp:attachment":[{"href":"https:\/\/rinconcabrerafotografia.com\/index.php\/wp-json\/wp\/v2\/media?parent=1782"}],"curies":[{"name":"wp","href":"https:\/\/api.w.org\/{rel}","templated":true}]}}