{"id":2748,"date":"2025-06-20T21:14:35","date_gmt":"2025-06-20T21:14:35","guid":{"rendered":"https:\/\/rinconcabrerafotografia.com\/?page_id=2748"},"modified":"2025-06-20T21:29:10","modified_gmt":"2025-06-20T21:29:10","slug":"marca-personal","status":"publish","type":"page","link":"https:\/\/rinconcabrerafotografia.com\/index.php\/marca-personal\/","title":{"rendered":"Marca Personal"},"content":{"rendered":"\t\t<div data-elementor-type=\"wp-page\" data-elementor-id=\"2748\" class=\"elementor elementor-2748\" data-elementor-post-type=\"page\">\n\t\t\t\t<div class=\"aux-parallax-section elementor-element elementor-element-0b7fe58 e-flex e-con-boxed e-con e-parent\" data-id=\"0b7fe58\" data-element_type=\"container\">\n\t\t\t\t\t<div class=\"e-con-inner\">\n\t\t\t\t<div class=\"elementor-element elementor-element-02727b1 elementor-widget__width-initial elementor-widget elementor-widget-heading\" data-id=\"02727b1\" data-element_type=\"widget\" data-widget_type=\"heading.default\">\n\t\t\t\t<div class=\"elementor-widget-container\">\n\t\t\t\t\t<h1 class=\"elementor-heading-title elementor-size-default\">Impulsa tu marca personal con fotograf\u00eda aut\u00e9ntica y profesional<\/h1>\t\t\t\t<\/div>\n\t\t\t\t<\/div>\n\t\t\t\t<div class=\"elementor-element elementor-element-5f96939 elementor-widget__width-initial elementor-widget elementor-widget-text-editor\" data-id=\"5f96939\" data-element_type=\"widget\" data-widget_type=\"text-editor.default\">\n\t\t\t\t<div class=\"elementor-widget-container\">\n\t\t\t\t\t\t\t\t\t<p class=\"p1\">Tu marca personal es tu carta de presentaci\u00f3n al mundo, y una imagen profesional bien pensada puede marcar la diferencia. En Rinc\u00f3n Cabrera Fotograf\u00eda, te acompa\u00f1amos a construir una identidad visual aut\u00e9ntica, coherente y poderosa, que refleje qui\u00e9n eres y potencie tu presencia en redes, p\u00e1ginas web o cualquier medio profesional.<\/p><p class=\"p1\">Con una sesi\u00f3n dise\u00f1ada especialmente para ti, logramos retratos que transmiten confianza, cercan\u00eda y profesionalismo.<\/p><p class=\"p2\"><b>Ideal para emprendedores, profesionales, creadores de contenido o cualquier persona que quiera destacar en su campo.<\/b><\/p>\t\t\t\t\t\t\t\t<\/div>\n\t\t\t\t<\/div>\n\t\t<div class=\"elementor-element elementor-element-a09f01b e-con-full e-flex e-con e-child\" data-id=\"a09f01b\" data-element_type=\"container\">\n\t\t\t\t<div class=\"elementor-element elementor-element-a6e4d72 elementor-widget elementor-widget-gallery\" data-id=\"a6e4d72\" data-element_type=\"widget\" data-settings=\"{&quot;gallery_layout&quot;:&quot;masonry&quot;,&quot;columns&quot;:3,&quot;lazyload&quot;:&quot;yes&quot;,&quot;columns_tablet&quot;:2,&quot;columns_mobile&quot;:1,&quot;gap&quot;:{&quot;unit&quot;:&quot;px&quot;,&quot;size&quot;:10,&quot;sizes&quot;:[]},&quot;gap_tablet&quot;:{&quot;unit&quot;:&quot;px&quot;,&quot;size&quot;:10,&quot;sizes&quot;:[]},&quot;gap_mobile&quot;:{&quot;unit&quot;:&quot;px&quot;,&quot;size&quot;:10,&quot;sizes&quot;:[]},&quot;link_to&quot;:&quot;file&quot;,&quot;overlay_background&quot;:&quot;yes&quot;,&quot;content_hover_animation&quot;:&quot;fade-in&quot;}\" data-widget_type=\"gallery.default\">\n\t\t\t\t<div class=\"elementor-widget-container\">\n\t\t\t\t\t\t\t<div class=\"elementor-gallery__container\">\n\t\t\t\t\t\t\t<a class=\"e-gallery-item elementor-gallery-item elementor-animated-content\" href=\"https:\/\/rinconcabrerafotografia.com\/wp-content\/uploads\/2025\/06\/sesion-de-marca-personal-1.jpg\" data-elementor-open-lightbox=\"yes\" data-elementor-lightbox-slideshow=\"a6e4d72\" data-elementor-lightbox-title=\"sesion de marca personal-1\" data-e-action-hash=\"#elementor-action%3Aaction%3Dlightbox%26settings%3DeyJpZCI6Mjc1NywidXJsIjoiaHR0cHM6XC9cL3JpbmNvbmNhYnJlcmFmb3RvZ3JhZmlhLmNvbVwvd3AtY29udGVudFwvdXBsb2Fkc1wvMjAyNVwvMDZcL3Nlc2lvbi1kZS1tYXJjYS1wZXJzb25hbC0xLmpwZyIsInNsaWRlc2hvdyI6ImE2ZTRkNzIifQ%3D%3D\">\n\t\t\t\t\t<div class=\"e-gallery-image elementor-gallery-item__image\" data-thumbnail=\"https:\/\/rinconcabrerafotografia.com\/wp-content\/uploads\/2025\/06\/sesion-de-marca-personal-1.jpg\" data-width=\"2048\" data-height=\"1363\" aria-label=\"\" role=\"img\" ><\/div>\n\t\t\t\t\t\t\t\t\t\t\t<div class=\"elementor-gallery-item__overlay\"><\/div>\n\t\t\t\t\t\t\t\t\t\t\t\t\t\t<\/a>\n\t\t\t\t\t\t\t<a class=\"e-gallery-item elementor-gallery-item elementor-animated-content\" href=\"https:\/\/rinconcabrerafotografia.com\/wp-content\/uploads\/2025\/06\/sesion-de-marca-personal-3.jpg\" data-elementor-open-lightbox=\"yes\" data-elementor-lightbox-slideshow=\"a6e4d72\" data-elementor-lightbox-title=\"sesion de marca personal-3\" data-e-action-hash=\"#elementor-action%3Aaction%3Dlightbox%26settings%3DeyJpZCI6Mjc1OSwidXJsIjoiaHR0cHM6XC9cL3JpbmNvbmNhYnJlcmFmb3RvZ3JhZmlhLmNvbVwvd3AtY29udGVudFwvdXBsb2Fkc1wvMjAyNVwvMDZcL3Nlc2lvbi1kZS1tYXJjYS1wZXJzb25hbC0zLmpwZyIsInNsaWRlc2hvdyI6ImE2ZTRkNzIifQ%3D%3D\">\n\t\t\t\t\t<div class=\"e-gallery-image elementor-gallery-item__image\" data-thumbnail=\"https:\/\/rinconcabrerafotografia.com\/wp-content\/uploads\/2025\/06\/sesion-de-marca-personal-3.jpg\" data-width=\"1363\" data-height=\"2048\" aria-label=\"\" role=\"img\" ><\/div>\n\t\t\t\t\t\t\t\t\t\t\t<div class=\"elementor-gallery-item__overlay\"><\/div>\n\t\t\t\t\t\t\t\t\t\t\t\t\t\t<\/a>\n\t\t\t\t\t\t\t<a class=\"e-gallery-item elementor-gallery-item elementor-animated-content\" href=\"https:\/\/rinconcabrerafotografia.com\/wp-content\/uploads\/2025\/06\/sesion-de-marca-personal-2.jpg\" data-elementor-open-lightbox=\"yes\" data-elementor-lightbox-slideshow=\"a6e4d72\" data-elementor-lightbox-title=\"sesion de marca personal-2\" data-e-action-hash=\"#elementor-action%3Aaction%3Dlightbox%26settings%3DeyJpZCI6Mjc1OCwidXJsIjoiaHR0cHM6XC9cL3JpbmNvbmNhYnJlcmFmb3RvZ3JhZmlhLmNvbVwvd3AtY29udGVudFwvdXBsb2Fkc1wvMjAyNVwvMDZcL3Nlc2lvbi1kZS1tYXJjYS1wZXJzb25hbC0yLmpwZyIsInNsaWRlc2hvdyI6ImE2ZTRkNzIifQ%3D%3D\">\n\t\t\t\t\t<div class=\"e-gallery-image elementor-gallery-item__image\" data-thumbnail=\"https:\/\/rinconcabrerafotografia.com\/wp-content\/uploads\/2025\/06\/sesion-de-marca-personal-2.jpg\" data-width=\"2048\" data-height=\"1363\" aria-label=\"\" role=\"img\" ><\/div>\n\t\t\t\t\t\t\t\t\t\t\t<div class=\"elementor-gallery-item__overlay\"><\/div>\n\t\t\t\t\t\t\t\t\t\t\t\t\t\t<\/a>\n\t\t\t\t\t\t\t<a class=\"e-gallery-item elementor-gallery-item elementor-animated-content\" href=\"https:\/\/rinconcabrerafotografia.com\/wp-content\/uploads\/2025\/06\/sesion-de-marca-personal-4.jpg\" data-elementor-open-lightbox=\"yes\" data-elementor-lightbox-slideshow=\"a6e4d72\" data-elementor-lightbox-title=\"sesion de marca personal-4\" data-e-action-hash=\"#elementor-action%3Aaction%3Dlightbox%26settings%3DeyJpZCI6Mjc2MCwidXJsIjoiaHR0cHM6XC9cL3JpbmNvbmNhYnJlcmFmb3RvZ3JhZmlhLmNvbVwvd3AtY29udGVudFwvdXBsb2Fkc1wvMjAyNVwvMDZcL3Nlc2lvbi1kZS1tYXJjYS1wZXJzb25hbC00LmpwZyIsInNsaWRlc2hvdyI6ImE2ZTRkNzIifQ%3D%3D\">\n\t\t\t\t\t<div class=\"e-gallery-image elementor-gallery-item__image\" data-thumbnail=\"https:\/\/rinconcabrerafotografia.com\/wp-content\/uploads\/2025\/06\/sesion-de-marca-personal-4.jpg\" data-width=\"2048\" data-height=\"1363\" aria-label=\"\" role=\"img\" ><\/div>\n\t\t\t\t\t\t\t\t\t\t\t<div class=\"elementor-gallery-item__overlay\"><\/div>\n\t\t\t\t\t\t\t\t\t\t\t\t\t\t<\/a>\n\t\t\t\t\t\t\t<a class=\"e-gallery-item elementor-gallery-item elementor-animated-content\" href=\"https:\/\/rinconcabrerafotografia.com\/wp-content\/uploads\/2025\/06\/sesion-de-marca-personal-6.jpg\" data-elementor-open-lightbox=\"yes\" data-elementor-lightbox-slideshow=\"a6e4d72\" data-elementor-lightbox-title=\"sesion de marca personal-6\" data-e-action-hash=\"#elementor-action%3Aaction%3Dlightbox%26settings%3DeyJpZCI6Mjc2MSwidXJsIjoiaHR0cHM6XC9cL3JpbmNvbmNhYnJlcmFmb3RvZ3JhZmlhLmNvbVwvd3AtY29udGVudFwvdXBsb2Fkc1wvMjAyNVwvMDZcL3Nlc2lvbi1kZS1tYXJjYS1wZXJzb25hbC02LmpwZyIsInNsaWRlc2hvdyI6ImE2ZTRkNzIifQ%3D%3D\">\n\t\t\t\t\t<div class=\"e-gallery-image elementor-gallery-item__image\" data-thumbnail=\"https:\/\/rinconcabrerafotografia.com\/wp-content\/uploads\/2025\/06\/sesion-de-marca-personal-6.jpg\" data-width=\"1363\" data-height=\"2048\" aria-label=\"\" role=\"img\" ><\/div>\n\t\t\t\t\t\t\t\t\t\t\t<div class=\"elementor-gallery-item__overlay\"><\/div>\n\t\t\t\t\t\t\t\t\t\t\t\t\t\t<\/a>\n\t\t\t\t\t<\/div>\n\t\t\t\t\t<\/div>\n\t\t\t\t<\/div>\n\t\t\t\t<\/div>\n\t\t\t\t\t<\/div>\n\t\t\t\t<\/div>\n\t\t\t\t<\/div>\n\t\t","protected":false},"excerpt":{"rendered":"<p>Impulsa tu marca personal con fotograf\u00eda aut\u00e9ntica y profesional Tu marca personal es tu carta de presentaci\u00f3n al mundo, y una imagen profesional bien pensada puede marcar la diferencia. En Rinc\u00f3n Cabrera Fotograf\u00eda, te acompa\u00f1amos a construir una identidad visual aut\u00e9ntica, coherente y poderosa, que refleje qui\u00e9n eres y potencie tu presencia en redes, p\u00e1ginas [&hellip;]<\/p>\n","protected":false},"author":1,"featured_media":0,"parent":0,"menu_order":0,"comment_status":"closed","ping_status":"closed","template":"","meta":{"_joinchat":[],"footnotes":""},"class_list":["post-2748","page","type-page","status-publish","hentry"],"_links":{"self":[{"href":"https:\/\/rinconcabrerafotografia.com\/index.php\/wp-json\/wp\/v2\/pages\/2748","targetHints":{"allow":["GET"]}}],"collection":[{"href":"https:\/\/rinconcabrerafotografia.com\/index.php\/wp-json\/wp\/v2\/pages"}],"about":[{"href":"https:\/\/rinconcabrerafotografia.com\/index.php\/wp-json\/wp\/v2\/types\/page"}],"author":[{"embeddable":true,"href":"https:\/\/rinconcabrerafotografia.com\/index.php\/wp-json\/wp\/v2\/users\/1"}],"replies":[{"embeddable":true,"href":"https:\/\/rinconcabrerafotografia.com\/index.php\/wp-json\/wp\/v2\/comments?post=2748"}],"version-history":[{"count":10,"href":"https:\/\/rinconcabrerafotografia.com\/index.php\/wp-json\/wp\/v2\/pages\/2748\/revisions"}],"predecessor-version":[{"id":2765,"href":"https:\/\/rinconcabrerafotografia.com\/index.php\/wp-json\/wp\/v2\/pages\/2748\/revisions\/2765"}],"wp:attachment":[{"href":"https:\/\/rinconcabrerafotografia.com\/index.php\/wp-json\/wp\/v2\/media?parent=2748"}],"curies":[{"name":"wp","href":"https:\/\/api.w.org\/{rel}","templated":true}]}}