{"id":519,"date":"2025-05-07T12:23:32","date_gmt":"2025-05-07T12:23:32","guid":{"rendered":"https:\/\/rinconcabrerafotografia.com\/?page_id=519"},"modified":"2025-07-19T05:13:25","modified_gmt":"2025-07-19T05:13:25","slug":"sobre-nosotros","status":"publish","type":"page","link":"https:\/\/rinconcabrerafotografia.com\/index.php\/sobre-nosotros\/","title":{"rendered":"Sobre Nosotros"},"content":{"rendered":"\t\t<div data-elementor-type=\"wp-page\" data-elementor-id=\"519\" class=\"elementor elementor-519\" data-elementor-post-type=\"page\">\n\t\t\t\t<div class=\"aux-parallax-section elementor-element elementor-element-3e8bbf5 e-flex e-con-boxed e-con e-parent\" data-id=\"3e8bbf5\" data-element_type=\"container\" data-settings=\"{&quot;background_background&quot;:&quot;classic&quot;}\">\n\t\t\t\t\t<div class=\"e-con-inner\">\n\t\t<div class=\"elementor-element elementor-element-fccac91 e-con-full e-flex e-con e-child\" data-id=\"fccac91\" data-element_type=\"container\">\n\t\t\t\t<div class=\"elementor-element elementor-element-dc6bdc3 aux-appear-watch-animation aux-fade-in-left elementor-widget elementor-widget-heading\" data-id=\"dc6bdc3\" data-element_type=\"widget\" data-widget_type=\"heading.default\">\n\t\t\t\t<div class=\"elementor-widget-container\">\n\t\t\t\t\t<h3 class=\"elementor-heading-title elementor-size-default\">UN ESPACIO PARA DISFRUTAR SIN AFANES.<\/h3>\t\t\t\t<\/div>\n\t\t\t\t<\/div>\n\t\t\t\t<div class=\"elementor-element elementor-element-072ccbd elementor-widget elementor-widget-spacer\" data-id=\"072ccbd\" data-element_type=\"widget\" data-widget_type=\"spacer.default\">\n\t\t\t\t<div class=\"elementor-widget-container\">\n\t\t\t\t\t\t\t<div class=\"elementor-spacer\">\n\t\t\t<div class=\"elementor-spacer-inner\"><\/div>\n\t\t<\/div>\n\t\t\t\t\t\t<\/div>\n\t\t\t\t<\/div>\n\t\t\t\t<\/div>\n\t\t\t\t\t<\/div>\n\t\t\t\t<\/div>\n\t\t<div class=\"aux-parallax-section elementor-element elementor-element-28432ff e-flex e-con-boxed e-con e-parent\" data-id=\"28432ff\" data-element_type=\"container\">\n\t\t\t\t\t<div class=\"e-con-inner\">\n\t\t<div class=\"elementor-element elementor-element-dcb2c58 e-con-full e-flex e-con e-child\" data-id=\"dcb2c58\" data-element_type=\"container\">\n\t\t\t\t<div class=\"elementor-element elementor-element-49fc7e8 elementor-widget elementor-widget-heading\" data-id=\"49fc7e8\" data-element_type=\"widget\" data-widget_type=\"heading.default\">\n\t\t\t\t<div class=\"elementor-widget-container\">\n\t\t\t\t\t<h6 class=\"elementor-heading-title elementor-size-default\">Nuestro Hogar!<\/h6>\t\t\t\t<\/div>\n\t\t\t\t<\/div>\n\t\t\t\t<div class=\"elementor-element elementor-element-8358748 elementor-widget elementor-widget-text-editor\" data-id=\"8358748\" data-element_type=\"widget\" data-widget_type=\"text-editor.default\">\n\t\t\t\t<div class=\"elementor-widget-container\">\n\t\t\t\t\t\t\t\t\t<p class=\"p1\">En nuestro <span class=\"s1\"><b>estudio-hogar<\/b><\/span>, el tiempo no corre\u2026 se vive.<\/p><p class=\"p1\">Aqu\u00ed no hay l\u00edmite de tiempo ni relojes apurando. Cada sesi\u00f3n se adapta al ritmo de cada familia, de cada ni\u00f1o, de cada momento.<\/p><p class=\"p1\">Si tu peque necesita jugar un rato antes de empezar, \u00a1bienvenido sea!<\/p><p class=\"p1\">Si vos como pap\u00e1 o mam\u00e1 quer\u00e9s tomarte algo caliente y charlar un rato, ac\u00e1 siempre habr\u00e1 una taza lista y un espacio para conversar.<\/p><p class=\"p1\">Nos gusta que las sesiones se sientan como lo que son: un encuentro lleno de cari\u00f1o, confianza y momentos reales. Porque creemos que los mejores recuerdos nacen cuando todo fluye con naturalidad.<\/p>\t\t\t\t\t\t\t\t<\/div>\n\t\t\t\t<\/div>\n\t\t\t\t<\/div>\n\t\t<div class=\"elementor-element elementor-element-c16126a e-con-full e-flex e-con e-child\" data-id=\"c16126a\" data-element_type=\"container\">\n\t\t\t\t<div class=\"elementor-element elementor-element-60377ba elementor-widget elementor-widget-heading\" data-id=\"60377ba\" data-element_type=\"widget\" data-widget_type=\"heading.default\">\n\t\t\t\t<div class=\"elementor-widget-container\">\n\t\t\t\t\t<h6 class=\"elementor-heading-title elementor-size-default\">Lorena y Juli\u00e1n.<\/h6>\t\t\t\t<\/div>\n\t\t\t\t<\/div>\n\t\t\t\t<div class=\"elementor-element elementor-element-fc0e8df elementor-widget elementor-widget-text-editor\" data-id=\"fc0e8df\" data-element_type=\"widget\" data-widget_type=\"text-editor.default\">\n\t\t\t\t<div class=\"elementor-widget-container\">\n\t\t\t\t\t\t\t\t\t<p class=\"p1\">Esposos, padres y el coraz\u00f3n detr\u00e1s de <span class=\"s1\"><b>Rinc\u00f3n Cabrera Fotograf\u00eda<\/b><\/span>. M\u00e1s all\u00e1 de fot\u00f3grafos, somos una familia real que entiende lo valioso que es conservar los momentos especiales junto a quienes m\u00e1s amamos.<\/p><p class=\"p1\">Como mam\u00e1 y pap\u00e1, sabemos que el tiempo vuela, que los abrazos cambian, que los hijos crecen, y que cada etapa merece ser recordada. Por eso, <span class=\"s1\"><b>nuestra misi\u00f3n no es solo tomar fotos<\/b><\/span>, sino crear un espacio donde las familias se sientan libres de ser ellas mismas: re\u00edr, abrazarse, jugar y conectar.<\/p><p class=\"p1\">Queremos invitarte a vivir <span class=\"s1\"><b>una experiencia c\u00e1lida, llena de amor, ternura y diversi\u00f3n<\/b><\/span>. Una sesi\u00f3n donde no tengas que posar, sino simplemente compartir y disfrutar con los tuyos, mientras nosotros nos encargamos de capturar la magia.<\/p><p class=\"p1\">Cada fotograf\u00eda que entregamos est\u00e1 hecha con cari\u00f1o, pensando en lo que tambi\u00e9n quisi\u00e9ramos guardar para siempre de nuestra propia familia.<\/p><p class=\"p1\">Si est\u00e1s buscando <span class=\"s1\"><b>fotograf\u00eda familiar, de embarazo o reci\u00e9n\u00a0nacidos en Cali<\/b><\/span>, llena de emoci\u00f3n y autenticidad, ac\u00e1 estamos. Ser\u00e1 un placer conocerte.<\/p>\t\t\t\t\t\t\t\t<\/div>\n\t\t\t\t<\/div>\n\t\t\t\t<\/div>\n\t\t<div class=\"elementor-element elementor-element-39b08c8 e-con-full e-flex e-con e-child\" data-id=\"39b08c8\" data-element_type=\"container\">\n\t\t\t\t<div class=\"elementor-element elementor-element-fe0f693 elementor-widget elementor-widget-heading\" data-id=\"fe0f693\" data-element_type=\"widget\" data-widget_type=\"heading.default\">\n\t\t\t\t<div class=\"elementor-widget-container\">\n\t\t\t\t\t<h3 class=\"elementor-heading-title elementor-size-default\">Nuestra formaci\u00f3n, nuestro punto de partida<\/h3>\t\t\t\t<\/div>\n\t\t\t\t<\/div>\n\t\t\t\t<div class=\"elementor-element elementor-element-edfaa39 elementor-widget elementor-widget-text-editor\" data-id=\"edfaa39\" data-element_type=\"widget\" data-widget_type=\"text-editor.default\">\n\t\t\t\t<div class=\"elementor-widget-container\">\n\t\t\t\t\t\t\t\t\t<p class=\"p1\"><span class=\"s1\">Somos <\/span><b>dise\u00f1adores gr\u00e1ficos profesionales formados en Bellas Artes Cali<\/b><span class=\"s1\">, una casa que siempre llevaremos en el coraz\u00f3n.<\/span><\/p><p class=\"p2\">Nuestra <span class=\"s2\"><b>alma mater<\/b><\/span> no solo nos dio las herramientas t\u00e9cnicas, sino tambi\u00e9n la sensibilidad est\u00e9tica que hoy aplicamos en cada sesi\u00f3n, cada espacio y cada fotograf\u00eda que creamos juntos.<\/p><p class=\"p2\">Estamos profundamente agradecidos con Bellas Artes, porque gracias a lo aprendido all\u00ed, podemos cuidar los colores, la composici\u00f3n, los detalles y lograr que cada imagen cuente una historia con belleza y armon\u00eda.<\/p><p class=\"p2\">Nuestro trabajo es una mezcla de lo que somos como familia, como artistas\u2026 y como egresados orgullosos de una escuela que nos ense\u00f1\u00f3 a mirar el mundo con ojos creativos.<\/p>\t\t\t\t\t\t\t\t<\/div>\n\t\t\t\t<\/div>\n\t\t\t\t<\/div>\n\t\t\t\t\t<\/div>\n\t\t\t\t<\/div>\n\t\t<div class=\"aux-parallax-section elementor-element elementor-element-499f1a6 e-flex e-con-boxed e-con e-parent\" data-id=\"499f1a6\" data-element_type=\"container\">\n\t\t\t\t\t<div class=\"e-con-inner\">\n\t\t<div class=\"elementor-element elementor-element-3b93aca e-con-full e-flex e-con e-child\" data-id=\"3b93aca\" data-element_type=\"container\">\n\t\t\t\t<div class=\"elementor-element elementor-element-779a54a elementor-widget elementor-widget-aux_staff\" data-id=\"779a54a\" data-element_type=\"widget\" data-widget_type=\"aux_staff.default\">\n\t\t\t\t<div class=\"elementor-widget-container\">\n\t\t\t\t\t<section class=\"aux-wrap-style-simple widget-container aux-widget-staff aux-parent-au74953c25\">    <div class=\"aux-staff-container aux-staff-pos-top aux-staff-text-center aux-staff-text-dark \" >\n            <div class=\"aux-staff-header aux-staff-img-circle\">\n            <div class=\"aux-media-image\"><img decoding=\"async\" width=\"150\" height=\"150\" src=\"image\/gif;base64,R0lGODlhAQABAIAAAAAAAP\/\/\/yH5BAEAAAAALAAAAAABAAEAAAIBRAA7\" class=\" aux-preload aux-blank\" alt=\"Somos Lorena y Juli\u00e1n, esposos, dise\u00f1adores y fot\u00f3grafos apasionados\" data-ratio=\"1\" data-original-w=\"900\" data-srcset=\"https:\/\/rinconcabrerafotografia.com\/wp-content\/uploads\/2025\/05\/DSC96461a-150x150.jpg 150w,https:\/\/rinconcabrerafotografia.com\/wp-content\/uploads\/2025\/05\/DSC96461a-300x300.jpg 300w,https:\/\/rinconcabrerafotografia.com\/wp-content\/uploads\/2025\/05\/DSC96461a-768x768.jpg 768w,https:\/\/rinconcabrerafotografia.com\/wp-content\/uploads\/2025\/05\/DSC96461a-150x150.jpg 150w\" data-src=\"https:\/\/rinconcabrerafotografia.com\/wp-content\/uploads\/2025\/05\/DSC96461a-150x150.jpg\" \/><\/div>        <\/div>\n            <div class=\"aux-staff-content\">\n                        <h4 class=\"col-title\">Lorena Cabrera<\/h4>\n                        <h5 class=\"col-subtitle\">Mam\u00e1, Dise\u00f1adora G. y Fot\u00f3grafa<\/h5>\n                        <div class=\"entry-content\">\n                                Lorena es una mujer incre\u00edble, una mam\u00e1 amorosa que siempre habla y act\u00faa desde el respeto y el amor. Su sensibilidad y creatividad son el alma de cada sesi\u00f3n. Siempre est\u00e1 al tanto de las tendencias, buscando referentes e inspiraciones que nos permitan ofrecer experiencias frescas, aut\u00e9nticas y con intenci\u00f3n.\n\nEs quien dise\u00f1a el concepto visual de cada sesi\u00f3n: desde la paleta de color hasta el estilo y los peque\u00f1os detalles que hacen la diferencia. Cada idea nace desde su mirada c\u00e1lida y su gusto por la est\u00e9tica cuidada.\n\nAdem\u00e1s, Lorena es la encargada de realizar las sesiones de reci\u00e9n nacidos y beb\u00e9s de pocos meses, donde su paciencia, ternura y experiencia hacen que cada fotograf\u00eda transmita calma, delicadeza y amor.            <\/div>\n                    <\/div>\n\n    <\/div>\n\n\n<\/section><!-- widget-container -->\t\t\t\t<\/div>\n\t\t\t\t<\/div>\n\t\t\t\t<\/div>\n\t\t<div class=\"elementor-element elementor-element-0cb66db e-con-full e-flex e-con e-child\" data-id=\"0cb66db\" data-element_type=\"container\">\n\t\t\t\t<div class=\"elementor-element elementor-element-65ff7af elementor-widget elementor-widget-aux_staff\" data-id=\"65ff7af\" data-element_type=\"widget\" data-widget_type=\"aux_staff.default\">\n\t\t\t\t<div class=\"elementor-widget-container\">\n\t\t\t\t\t<section class=\"aux-wrap-style-simple widget-container aux-widget-staff aux-parent-au9f7971ec\">    <div class=\"aux-staff-container aux-staff-pos-top aux-staff-text-center aux-staff-text-dark \" >\n            <div class=\"aux-staff-header aux-staff-img-circle\">\n            <div class=\"aux-media-image\"><img decoding=\"async\" width=\"150\" height=\"150\" src=\"image\/gif;base64,R0lGODlhAQABAIAAAAAAAP\/\/\/yH5BAEAAAAALAAAAAABAAEAAAIBRAA7\" class=\" aux-preload aux-blank\" alt=\"somos esposos y fot\u00f3grafos de rincon cabrera fotograf\u00eda\" data-ratio=\"1\" data-original-w=\"2560\" data-srcset=\"https:\/\/rinconcabrerafotografia.com\/wp-content\/uploads\/2025\/05\/DSC9776-copia-150x150.jpg 150w,https:\/\/rinconcabrerafotografia.com\/wp-content\/uploads\/2025\/05\/DSC9776-copia-300x300.jpg 300w,https:\/\/rinconcabrerafotografia.com\/wp-content\/uploads\/2025\/05\/DSC9776-copia-768x768.jpg 768w,https:\/\/rinconcabrerafotografia.com\/wp-content\/uploads\/2025\/05\/DSC9776-copia-1024x1024.jpg 1024w,https:\/\/rinconcabrerafotografia.com\/wp-content\/uploads\/2025\/05\/DSC9776-copia-150x150.jpg 150w\" data-src=\"https:\/\/rinconcabrerafotografia.com\/wp-content\/uploads\/2025\/05\/DSC9776-copia-150x150.jpg\" \/><\/div>        <\/div>\n            <div class=\"aux-staff-content\">\n                        <h4 class=\"col-title\">Juli\u00e1n Rinc\u00f3n<\/h4>\n                        <h5 class=\"col-subtitle\">Pap\u00e1, Dise\u00f1ador G. y Fot\u00f3grafo<\/h5>\n                        <div class=\"entry-content\">\n                                Soy Juli\u00e1n, aunque muchos me llaman MacGyver\u2026 y otros Tetrisman. \u00bfPor qu\u00e9? Porque siempre estoy resolviendo, armando, inventando y d\u00e1ndole forma a todas las ideas creativas que se le ocurren a Lorena. Me encanta hacer que todo funcione, encontrar soluciones y transformar cada concepto en una experiencia real.\n\nEstoy detr\u00e1s de la c\u00e1mara en las sesiones de maternidad, smash cake y ni\u00f1os m\u00e1s grandecitos, y si hay algo que me define, es que mi alma sigue siendo de ni\u00f1o. Por eso, en medio de una sesi\u00f3n, no es raro verme haciendo moner\u00edas, voces graciosas o caras chistosas para sacar esas sonrisas aut\u00e9nticas que tanto nos encantan capturar.\n\nCreo profundamente en la magia de los recuerdos y en hacer que cada familia se sienta c\u00f3moda, libre y feliz durante su sesi\u00f3n. Porque m\u00e1s que fotos, lo que construimos son momentos que se van a atesorar por siempre.            <\/div>\n                    <\/div>\n\n    <\/div>\n\n\n<\/section><!-- widget-container -->\t\t\t\t<\/div>\n\t\t\t\t<\/div>\n\t\t\t\t<\/div>\n\t\t<div class=\"elementor-element elementor-element-aaa8dc1 e-con-full e-flex e-con e-child\" data-id=\"aaa8dc1\" data-element_type=\"container\">\n\t\t\t\t<div class=\"elementor-element elementor-element-d3eb055 elementor-widget elementor-widget-aux_staff\" data-id=\"d3eb055\" data-element_type=\"widget\" data-widget_type=\"aux_staff.default\">\n\t\t\t\t<div class=\"elementor-widget-container\">\n\t\t\t\t\t<section class=\"aux-wrap-style-simple widget-container aux-widget-staff aux-parent-aufe25b45f\">    <div class=\"aux-staff-container aux-staff-pos-top aux-staff-text-center aux-staff-text-dark \" >\n            <div class=\"aux-staff-header aux-staff-img-circle\">\n            <div class=\"aux-media-image\"><img decoding=\"async\" width=\"150\" height=\"150\" src=\"image\/gif;base64,R0lGODlhAQABAIAAAAAAAP\/\/\/yH5BAEAAAAALAAAAAABAAEAAAIBRAA7\" class=\" aux-preload aux-blank\" alt=\"Familia de fot\u00f3grafos en blanco y negro \u2014 Juli\u00e1n, Lorena e Isa de Rinc\u00f3n Cabrera Fotograf\u00eda, en su estudio en Cali.\" data-ratio=\"1\" data-original-w=\"900\" data-srcset=\"https:\/\/rinconcabrerafotografia.com\/wp-content\/uploads\/2025\/05\/DSC9717_1a-150x150.jpg 150w,https:\/\/rinconcabrerafotografia.com\/wp-content\/uploads\/2025\/05\/DSC9717_1a-300x300.jpg 300w,https:\/\/rinconcabrerafotografia.com\/wp-content\/uploads\/2025\/05\/DSC9717_1a-768x768.jpg 768w,https:\/\/rinconcabrerafotografia.com\/wp-content\/uploads\/2025\/05\/DSC9717_1a-150x150.jpg 150w\" data-src=\"https:\/\/rinconcabrerafotografia.com\/wp-content\/uploads\/2025\/05\/DSC9717_1a-150x150.jpg\" \/><\/div>        <\/div>\n            <div class=\"aux-staff-content\">\n                        <h4 class=\"col-title\">Isa, Nuestra inspiraci\u00f3n m\u00e1s peque\u00f1a <br>(y m\u00e1s grande)<\/h4>\n                        <h5 class=\"col-subtitle\">Hija y Artista en proceso.<\/h5>\n                        <div class=\"entry-content\">\n                                Ella es nuestra hija\u2026 y es la mezcla perfecta de lo que somos.\nCreativa, h\u00e1bil, curiosa y con un coraz\u00f3n gigante. Siempre est\u00e1 dispuesta a ayudarnos: ya sea pintando, lijando, cortando o simplemente d\u00e1ndonos su punto de vista (que, por cierto, casi siempre tiene raz\u00f3n).\n\nCuando algo le gusta, lo sabemos enseguida: sus ojitos brillan y su gesto lo dice todo.\nY cuando algo no encaja, tambi\u00e9n lo deja claro con toda la sinceridad que solo los ni\u00f1os tienen. Su mirada es nuestra br\u00fajula.\n\nDice que cuando sea grande quiere ser fot\u00f3grafa, como sus pap\u00e1s, y se siente orgullosa de nosotros.\nPero lo que tal vez no sabe \u2014aunque lo intuye\u2014 es que nosotros estamos infinitamente m\u00e1s orgullosos de ella.\n\nTe amamos, peque\u00f1a. Gracias por ser nuestra luz, nuestro motor y nuestra mayor inspiraci\u00f3n.            <\/div>\n                    <\/div>\n\n    <\/div>\n\n\n<\/section><!-- widget-container -->\t\t\t\t<\/div>\n\t\t\t\t<\/div>\n\t\t\t\t<\/div>\n\t\t\t\t\t<\/div>\n\t\t\t\t<\/div>\n\t\t<div class=\"aux-parallax-section elementor-element elementor-element-39863fa e-flex e-con-boxed e-con e-parent\" data-id=\"39863fa\" data-element_type=\"container\">\n\t\t\t\t\t<div class=\"e-con-inner\">\n\t\t\t\t<div class=\"elementor-element elementor-element-ea8c18e elementor-widget__width-inherit elementor-widget elementor-widget-shortcode\" data-id=\"ea8c18e\" data-element_type=\"widget\" data-widget_type=\"shortcode.default\">\n\t\t\t\t<div class=\"elementor-widget-container\">\n\t\t\t\t\t\t\t<div class=\"elementor-shortcode\"><iframe src=\"\/\/storage.net-fs.com\/hosting\/8426346\/0\/\" name=\"Estudio Rincon Cabrera\" width=\"2000px\" height=\"680px\" frameborder=\"0\" allow=\"fullscreen; accelerometer; gyroscope; magnetometer; vr; xr; xr-spatial-tracking; autoplay; camera; microphone\" allowfullscreen=\"true\" webkitallowfullscreen=\"true\" mozallowfullscreen=\"true\" oallowfullscreen=\"true\" msallowfullscreen=\"true\"><\/iframe><\/div>\n\t\t\t\t\t\t<\/div>\n\t\t\t\t<\/div>\n\t\t\t\t\t<\/div>\n\t\t\t\t<\/div>\n\t\t\t\t<\/div>\n\t\t","protected":false},"excerpt":{"rendered":"<p>UN ESPACIO PARA DISFRUTAR SIN AFANES. Nuestro Hogar! En nuestro estudio-hogar, el tiempo no corre\u2026 se vive. Aqu\u00ed no hay l\u00edmite de tiempo ni relojes apurando. Cada sesi\u00f3n se adapta al ritmo de cada familia, de cada ni\u00f1o, de cada momento. Si tu peque necesita jugar un rato antes de empezar, \u00a1bienvenido sea! Si vos [&hellip;]<\/p>\n","protected":false},"author":1,"featured_media":0,"parent":0,"menu_order":0,"comment_status":"closed","ping_status":"closed","template":"","meta":{"_joinchat":[],"footnotes":""},"class_list":["post-519","page","type-page","status-publish","hentry"],"_links":{"self":[{"href":"https:\/\/rinconcabrerafotografia.com\/index.php\/wp-json\/wp\/v2\/pages\/519","targetHints":{"allow":["GET"]}}],"collection":[{"href":"https:\/\/rinconcabrerafotografia.com\/index.php\/wp-json\/wp\/v2\/pages"}],"about":[{"href":"https:\/\/rinconcabrerafotografia.com\/index.php\/wp-json\/wp\/v2\/types\/page"}],"author":[{"embeddable":true,"href":"https:\/\/rinconcabrerafotografia.com\/index.php\/wp-json\/wp\/v2\/users\/1"}],"replies":[{"embeddable":true,"href":"https:\/\/rinconcabrerafotografia.com\/index.php\/wp-json\/wp\/v2\/comments?post=519"}],"version-history":[{"count":160,"href":"https:\/\/rinconcabrerafotografia.com\/index.php\/wp-json\/wp\/v2\/pages\/519\/revisions"}],"predecessor-version":[{"id":2792,"href":"https:\/\/rinconcabrerafotografia.com\/index.php\/wp-json\/wp\/v2\/pages\/519\/revisions\/2792"}],"wp:attachment":[{"href":"https:\/\/rinconcabrerafotografia.com\/index.php\/wp-json\/wp\/v2\/media?parent=519"}],"curies":[{"name":"wp","href":"https:\/\/api.w.org\/{rel}","templated":true}]}}