{"id":525,"date":"2025-05-07T12:24:34","date_gmt":"2025-05-07T12:24:34","guid":{"rendered":"https:\/\/rinconcabrerafotografia.com\/?page_id=525"},"modified":"2025-05-09T03:31:33","modified_gmt":"2025-05-09T03:31:33","slug":"reserva-tu-sesion","status":"publish","type":"page","link":"https:\/\/rinconcabrerafotografia.com\/index.php\/reserva-tu-sesion\/","title":{"rendered":"Reserva tu Sesi\u00f3n"},"content":{"rendered":"\t\t<div data-elementor-type=\"wp-page\" data-elementor-id=\"525\" class=\"elementor elementor-525\" data-elementor-post-type=\"page\">\n\t\t\t\t<div class=\"aux-parallax-section elementor-element elementor-element-950d34c e-flex e-con-boxed e-con e-parent\" data-id=\"950d34c\" data-element_type=\"container\">\n\t\t\t\t\t<div class=\"e-con-inner\">\n\t\t<div class=\"elementor-element elementor-element-e26787b e-con-full e-flex e-con e-child\" data-id=\"e26787b\" data-element_type=\"container\" data-settings=\"{&quot;background_background&quot;:&quot;classic&quot;}\">\n\t\t\t\t<div class=\"elementor-element elementor-element-9eef305 elementor-widget elementor-widget-text-editor\" data-id=\"9eef305\" data-element_type=\"widget\" data-widget_type=\"text-editor.default\">\n\t\t\t\t<div class=\"elementor-widget-container\">\n\t\t\t\t\t\t\t\t\t<div class=\"contact_page_company_details\"><div class=\"company_headline\"><h3>Rinc\u00f3n Cabrera Fotografia<\/h3><div class=\"company_headlin_addr\">Cali &#8211; Colombia<\/div><div class=\"header_social\">\u00a0<\/div><\/div><div class=\"agent_detail contact_detail\">Tel\u00e9fono:<a href=\"tel: +57 315 403 9575\">+57 315 403 9575<\/a><\/div><div class=\"agent_detail contact_detail\">Celular:<a href=\"tel: +57 315 671 3453\">+57 315 671 3453<\/a><\/div><div class=\"agent_detail contact_detail\">Email:<a href=\"mailto:info@rinconcabrerafotografia.com\">info@rinconcabrerafotografia.com<\/a><\/div><div class=\"agent_detail contact_detail\">\u00a0<\/div><\/div><div class=\"company_headline_content\"><p class=\"p1\">Cada familia tiene una historia \u00fanica\u2026 y nos encantar\u00eda contar la tuya.<\/p><p class=\"p1\">Capturamos emociones reales, miradas sinceras y momentos que se convierten en tesoros con el tiempo.<\/p><p class=\"p1\">Desde sesiones de embarazo llenas de ternura, hasta cumplea\u00f1os, lactancia o la dulzura de un reci\u00e9n nacido, queremos acompa\u00f1arte en esos cap\u00edtulos que merecen quedarse para siempre.<\/p><p class=\"p1\">Escr\u00edbenos, cu\u00e9ntanos qu\u00e9 momento est\u00e1s viviendo y agendemos juntos tu pr\u00f3xima sesi\u00f3n.<\/p><p class=\"p1\">Nuestro estudio est\u00e1 listo para recibirte con amor, paciencia y esa luz especial que hace m\u00e1gicas tus fotos.<\/p><p class=\"p1\"><i>Estamos en Cali \u2013 reserva con anticipaci\u00f3n para asegurar tu fecha.<\/i><i><\/i><\/p><\/div>\t\t\t\t\t\t\t\t<\/div>\n\t\t\t\t<\/div>\n\t\t\t\t<\/div>\n\t\t<div class=\"elementor-element elementor-element-32e7dab e-con-full e-flex e-con e-child\" data-id=\"32e7dab\" data-element_type=\"container\">\n\t\t\t\t<div class=\"elementor-element elementor-element-e21613b elementor-widget elementor-widget-image\" data-id=\"e21613b\" data-element_type=\"widget\" data-widget_type=\"image.default\">\n\t\t\t\t<div class=\"elementor-widget-container\">\n\t\t\t\t\t\t\t\t\t\t\t\t\t\t\t<img decoding=\"async\" src=\"https:\/\/rinconcabrerafotografia.com\/wp-content\/uploads\/2025\/05\/DSC3205-copia-scaled.jpg\" title=\"\" alt=\"Beb\u00e9 en sesi\u00f3n mes a mes estilo boho en estudio fotogr\u00e1fico en Cali\" loading=\"lazy\" \/>\t\t\t\t\t\t\t\t\t\t\t\t\t\t\t<\/div>\n\t\t\t\t<\/div>\n\t\t\t\t<\/div>\n\t\t\t\t\t<\/div>\n\t\t\t\t<\/div>\n\t\t<div class=\"aux-parallax-section elementor-element elementor-element-8c2a0b9 e-flex e-con-boxed e-con e-parent\" data-id=\"8c2a0b9\" data-element_type=\"container\">\n\t\t\t\t\t<div class=\"e-con-inner\">\n\t\t\t\t\t<\/div>\n\t\t\t\t<\/div>\n\t\t<div class=\"aux-parallax-section elementor-element elementor-element-244fa51 e-flex e-con-boxed e-con e-parent\" data-id=\"244fa51\" data-element_type=\"container\">\n\t\t\t\t\t<div class=\"e-con-inner\">\n\t\t\t\t<div class=\"elementor-element elementor-element-5ec54f1 elementor-widget__width-inherit elementor-widget elementor-widget-google_maps\" data-id=\"5ec54f1\" data-element_type=\"widget\" data-widget_type=\"google_maps.default\">\n\t\t\t\t<div class=\"elementor-widget-container\">\n\t\t\t\t\t\t\t<div class=\"elementor-custom-embed\">\n\t\t\t<iframe loading=\"lazy\"\n\t\t\t\t\tsrc=\"https:\/\/maps.google.com\/maps?q=Rincon%20cabrera%20fotografia&#038;t=m&#038;z=12&#038;output=embed&#038;iwloc=near\"\n\t\t\t\t\ttitle=\"Rincon cabrera fotografia\"\n\t\t\t\t\taria-label=\"Rincon cabrera fotografia\"\n\t\t\t><\/iframe>\n\t\t<\/div>\n\t\t\t\t\t\t<\/div>\n\t\t\t\t<\/div>\n\t\t\t\t\t<\/div>\n\t\t\t\t<\/div>\n\t\t\t\t<\/div>\n\t\t","protected":false},"excerpt":{"rendered":"<p>Rinc\u00f3n Cabrera Fotografia Cali &#8211; Colombia\u00a0Tel\u00e9fono:+57 315 403 9575Celular:+57 315 671 3453Email:info@rinconcabrerafotografia.com\u00a0 Cada familia tiene una historia \u00fanica\u2026 y nos encantar\u00eda contar la tuya. Capturamos emociones reales, miradas sinceras y momentos que se convierten en tesoros con el tiempo. Desde sesiones de embarazo llenas de ternura, hasta cumplea\u00f1os, lactancia o la dulzura de un reci\u00e9n [&hellip;]<\/p>\n","protected":false},"author":1,"featured_media":0,"parent":0,"menu_order":0,"comment_status":"closed","ping_status":"closed","template":"","meta":{"_joinchat":[],"footnotes":""},"class_list":["post-525","page","type-page","status-publish","hentry"],"_links":{"self":[{"href":"https:\/\/rinconcabrerafotografia.com\/index.php\/wp-json\/wp\/v2\/pages\/525","targetHints":{"allow":["GET"]}}],"collection":[{"href":"https:\/\/rinconcabrerafotografia.com\/index.php\/wp-json\/wp\/v2\/pages"}],"about":[{"href":"https:\/\/rinconcabrerafotografia.com\/index.php\/wp-json\/wp\/v2\/types\/page"}],"author":[{"embeddable":true,"href":"https:\/\/rinconcabrerafotografia.com\/index.php\/wp-json\/wp\/v2\/users\/1"}],"replies":[{"embeddable":true,"href":"https:\/\/rinconcabrerafotografia.com\/index.php\/wp-json\/wp\/v2\/comments?post=525"}],"version-history":[{"count":23,"href":"https:\/\/rinconcabrerafotografia.com\/index.php\/wp-json\/wp\/v2\/pages\/525\/revisions"}],"predecessor-version":[{"id":1662,"href":"https:\/\/rinconcabrerafotografia.com\/index.php\/wp-json\/wp\/v2\/pages\/525\/revisions\/1662"}],"wp:attachment":[{"href":"https:\/\/rinconcabrerafotografia.com\/index.php\/wp-json\/wp\/v2\/media?parent=525"}],"curies":[{"name":"wp","href":"https:\/\/api.w.org\/{rel}","templated":true}]}}