{"id":729,"date":"2025-05-08T02:01:32","date_gmt":"2025-05-08T02:01:32","guid":{"rendered":"https:\/\/rinconcabrerafotografia.com\/?page_id=729"},"modified":"2025-05-28T02:46:53","modified_gmt":"2025-05-28T02:46:53","slug":"meses","status":"publish","type":"page","link":"https:\/\/rinconcabrerafotografia.com\/index.php\/meses\/","title":{"rendered":"Meses"},"content":{"rendered":"\t\t<div data-elementor-type=\"wp-page\" data-elementor-id=\"729\" class=\"elementor elementor-729\" data-elementor-post-type=\"page\">\n\t\t\t\t<div class=\"aux-parallax-section elementor-element elementor-element-ee616f1 e-flex e-con-boxed e-con e-parent\" data-id=\"ee616f1\" data-element_type=\"container\">\n\t\t\t\t\t<div class=\"e-con-inner\">\n\t\t\t\t<div class=\"elementor-element elementor-element-7f5f31a elementor-widget__width-initial elementor-widget elementor-widget-heading\" data-id=\"7f5f31a\" data-element_type=\"widget\" data-widget_type=\"heading.default\">\n\t\t\t\t<div class=\"elementor-widget-container\">\n\t\t\t\t\t<h1 class=\"elementor-heading-title elementor-size-default\">Sesiones de meses para beb\u00e9s: recuerdos que crecen junto a ellos<\/h1>\t\t\t\t<\/div>\n\t\t\t\t<\/div>\n\t\t<div class=\"elementor-element elementor-element-a0971bf e-con-full e-flex e-con e-child\" data-id=\"a0971bf\" data-element_type=\"container\">\n\t\t<div class=\"elementor-element elementor-element-d877dfc e-flex e-con-boxed e-con e-child\" data-id=\"d877dfc\" data-element_type=\"container\">\n\t\t\t\t\t<div class=\"e-con-inner\">\n\t\t<div class=\"elementor-element elementor-element-0dab1d0 e-flex e-con-boxed e-con e-child\" data-id=\"0dab1d0\" data-element_type=\"container\">\n\t\t\t\t\t<div class=\"e-con-inner\">\n\t\t\t\t<div class=\"elementor-element elementor-element-ead1ba9 elementor-widget elementor-widget-text-editor\" data-id=\"ead1ba9\" data-element_type=\"widget\" data-widget_type=\"text-editor.default\">\n\t\t\t\t<div class=\"elementor-widget-container\">\n\t\t\t\t\t\t\t\t\t<p class=\"p1\">Capturamos los cambios mes a mes de tu beb\u00e9 con sesiones fotogr\u00e1ficas dise\u00f1adas para que se sienta c\u00f3modo y feliz. Desde sus primeras sonrisas hasta sus primeros pasos, documentamos cada momento con im\u00e1genes llenas de amor y naturalidad. Si buscas fotograf\u00eda de beb\u00e9s y sesiones de seguimiento en Cali, creamos recuerdos \u00fanicos que atesorar\u00e1s por siempre y revivir\u00e1s cada vez que los veas.<\/p>\t\t\t\t\t\t\t\t<\/div>\n\t\t\t\t<\/div>\n\t\t\t\t<div class=\"elementor-element elementor-element-5a27063 elementor-widget elementor-widget-heading\" data-id=\"5a27063\" data-element_type=\"widget\" data-widget_type=\"heading.default\">\n\t\t\t\t<div class=\"elementor-widget-container\">\n\t\t\t\t\t<h1 class=\"elementor-heading-title elementor-size-default\">El crecimiento y desarrollo de tu beb\u00e9, capturado en 4 etapas llenas de ternura<\/h1>\t\t\t\t<\/div>\n\t\t\t\t<\/div>\n\t\t\t\t\t<\/div>\n\t\t\t\t<\/div>\n\t\t\t\t\t<\/div>\n\t\t\t\t<\/div>\n\t\t\t\t<\/div>\n\t\t\t\t\t<\/div>\n\t\t\t\t<\/div>\n\t\t<div class=\"aux-parallax-section elementor-element elementor-element-7f96330 e-grid e-con-boxed e-con e-parent\" data-id=\"7f96330\" data-element_type=\"container\">\n\t\t\t\t\t<div class=\"e-con-inner\">\n\t\t<div class=\"elementor-element elementor-element-20472da e-con-full e-flex e-con e-child\" data-id=\"20472da\" data-element_type=\"container\">\n\t\t\t\t<div class=\"elementor-element elementor-element-1b8fdfd elementor-pagination-position-outside elementor-widget elementor-widget-image-carousel\" data-id=\"1b8fdfd\" data-element_type=\"widget\" data-settings=\"{&quot;slides_to_show&quot;:&quot;1&quot;,&quot;navigation&quot;:&quot;dots&quot;,&quot;effect&quot;:&quot;fade&quot;,&quot;autoplay&quot;:&quot;yes&quot;,&quot;pause_on_hover&quot;:&quot;yes&quot;,&quot;pause_on_interaction&quot;:&quot;yes&quot;,&quot;autoplay_speed&quot;:5000,&quot;infinite&quot;:&quot;yes&quot;,&quot;speed&quot;:500}\" data-widget_type=\"image-carousel.default\">\n\t\t\t\t<div class=\"elementor-widget-container\">\n\t\t\t\t\t\t\t<div class=\"elementor-image-carousel-wrapper swiper\" role=\"region\" aria-roledescription=\"carousel\" aria-label=\"Carrusel de im\u00e1genes\" dir=\"ltr\">\n\t\t\t<div class=\"elementor-image-carousel swiper-wrapper\" aria-live=\"off\">\n\t\t\t\t\t\t\t\t<div class=\"swiper-slide\" role=\"group\" aria-roledescription=\"slide\" aria-label=\"1 de 3\"><figure class=\"swiper-slide-inner\"><img decoding=\"async\" class=\"swiper-slide-image\" src=\"https:\/\/rinconcabrerafotografia.com\/wp-content\/uploads\/2025\/05\/DSC6133-copia_sin_firma.jpg\" alt=\"_DSC6133 copia_sin_firma\" \/><\/figure><\/div><div class=\"swiper-slide\" role=\"group\" aria-roledescription=\"slide\" aria-label=\"2 de 3\"><figure class=\"swiper-slide-inner\"><img decoding=\"async\" class=\"swiper-slide-image\" src=\"https:\/\/rinconcabrerafotografia.com\/wp-content\/uploads\/2025\/05\/DSC6224_entrega.jpg\" alt=\"_DSC6224_entrega\" \/><\/figure><\/div><div class=\"swiper-slide\" role=\"group\" aria-roledescription=\"slide\" aria-label=\"3 de 3\"><figure class=\"swiper-slide-inner\"><img decoding=\"async\" class=\"swiper-slide-image\" src=\"https:\/\/rinconcabrerafotografia.com\/wp-content\/uploads\/2025\/05\/DSC6317entrega.jpg\" alt=\"_DSC6317entrega\" \/><\/figure><\/div>\t\t\t<\/div>\n\t\t\t\t\t\t\t\n\t\t\t\t\t\t\t\t\t<div class=\"swiper-pagination\"><\/div>\n\t\t\t\t\t\t\t\t\t<\/div>\n\t\t\t\t\t\t<\/div>\n\t\t\t\t<\/div>\n\t\t\t\t<div class=\"elementor-element elementor-element-eca6d1d elementor-widget elementor-widget-aux_text\" data-id=\"eca6d1d\" data-element_type=\"widget\" data-widget_type=\"aux_text.default\">\n\t\t\t\t<div class=\"elementor-widget-container\">\n\t\t\t\t\t<section class=\"widget-container aux-widget-text aux-parent-au288364f1\">        <div class=\"aux-widget-advanced-text aux-wrap-style-simple aux-ico-pos-top aux-text-center aux-text-resp- aux-text-color-dark aux-text-widget-bg-center  \" >\n        \n            \n            <div class=\"aux-text-inner aux-text-widget-content\">\n                                <h4 class=\"col-title\">Primera etapa: Reci\u00e9n nacido<\/h4>\n                                <div class=\"widget-content\">\n                                        <p class=\"p1\">Tu beb\u00e9 es todo ternura y delicadeza. Su piel suave, sus gestos llenos de amor y esa tranquilidad que solo se siente en sus primeros d\u00edas. Nos encargamos de capturar esos momentos irrepetibles con cuidado, creando im\u00e1genes que te llenar\u00e1n de emoci\u00f3n y te acompa\u00f1ar\u00e1n para siempre.\u00a0<\/p>                <\/div>\n                <a  href=\"https:\/\/rinconcabrerafotografia.com\/index.php\/recien-nacidos\/#\" target=\"_self\"   class=\"aux-button aux-medium aux-dark-gray aux-round aux-outline\" ><span class=\"aux-overlay\"><\/span><span class=\"aux-text\">Ver Galer\u00eda<\/span><\/a>            <\/div>\n        <\/div>\n                    <div class=\"aux-text-widget-footer\">\n                <div class=\"aux-border-shape-none \">\n                                <\/div>\n            <\/div>\n        \n<\/section><!-- widget-container -->\t\t\t\t<\/div>\n\t\t\t\t<\/div>\n\t\t\t\t<\/div>\n\t\t<div class=\"elementor-element elementor-element-7f60fb6 e-con-full e-flex e-con e-child\" data-id=\"7f60fb6\" data-element_type=\"container\">\n\t\t\t\t<div class=\"elementor-element elementor-element-959abdd elementor-pagination-position-outside elementor-widget elementor-widget-image-carousel\" data-id=\"959abdd\" data-element_type=\"widget\" data-settings=\"{&quot;slides_to_show&quot;:&quot;1&quot;,&quot;navigation&quot;:&quot;dots&quot;,&quot;autoplay&quot;:&quot;yes&quot;,&quot;pause_on_hover&quot;:&quot;yes&quot;,&quot;pause_on_interaction&quot;:&quot;yes&quot;,&quot;autoplay_speed&quot;:5000,&quot;infinite&quot;:&quot;yes&quot;,&quot;effect&quot;:&quot;slide&quot;,&quot;speed&quot;:500}\" data-widget_type=\"image-carousel.default\">\n\t\t\t\t<div class=\"elementor-widget-container\">\n\t\t\t\t\t\t\t<div class=\"elementor-image-carousel-wrapper swiper\" role=\"region\" aria-roledescription=\"carousel\" aria-label=\"Carrusel de im\u00e1genes\" dir=\"ltr\">\n\t\t\t<div class=\"elementor-image-carousel swiper-wrapper\" aria-live=\"off\">\n\t\t\t\t\t\t\t\t<div class=\"swiper-slide\" role=\"group\" aria-roledescription=\"slide\" aria-label=\"1 de 3\"><figure class=\"swiper-slide-inner\"><img decoding=\"async\" class=\"swiper-slide-image\" src=\"https:\/\/rinconcabrerafotografia.com\/wp-content\/uploads\/2025\/05\/DSC5168entrega.jpg\" alt=\"_DSC5168entrega\" \/><\/figure><\/div><div class=\"swiper-slide\" role=\"group\" aria-roledescription=\"slide\" aria-label=\"2 de 3\"><figure class=\"swiper-slide-inner\"><img decoding=\"async\" class=\"swiper-slide-image\" src=\"https:\/\/rinconcabrerafotografia.com\/wp-content\/uploads\/2025\/05\/DSC2763plegable.jpg\" alt=\"_DSC2763plegable\" \/><\/figure><\/div><div class=\"swiper-slide\" role=\"group\" aria-roledescription=\"slide\" aria-label=\"3 de 3\"><figure class=\"swiper-slide-inner\"><img decoding=\"async\" class=\"swiper-slide-image\" src=\"https:\/\/rinconcabrerafotografia.com\/wp-content\/uploads\/2025\/05\/DSC3323-copia.jpg\" alt=\"_DSC3323 copia\" \/><\/figure><\/div>\t\t\t<\/div>\n\t\t\t\t\t\t\t\n\t\t\t\t\t\t\t\t\t<div class=\"swiper-pagination\"><\/div>\n\t\t\t\t\t\t\t\t\t<\/div>\n\t\t\t\t\t\t<\/div>\n\t\t\t\t<\/div>\n\t\t\t\t<div class=\"elementor-element elementor-element-08df841 elementor-widget elementor-widget-aux_text\" data-id=\"08df841\" data-element_type=\"widget\" data-widget_type=\"aux_text.default\">\n\t\t\t\t<div class=\"elementor-widget-container\">\n\t\t\t\t\t<section class=\"widget-container aux-widget-text aux-parent-aueddaea3d\">        <div class=\"aux-widget-advanced-text aux-wrap-style-simple aux-ico-pos-top aux-text-center aux-text-resp- aux-text-color-dark aux-text-widget-bg-center  \" >\n        \n            \n            <div class=\"aux-text-inner aux-text-widget-content\">\n                                <h4 class=\"col-title\">Segunda etapa: 3 a 6 meses<\/h4>\n                                <div class=\"widget-content\">\n                                        <p class=\"p1\">En esta etapa, tu beb\u00e9 empieza a levantar su cabecita, regalar sonrisas encantadoras y descubrir el mundo a su alrededor. Te ayudamos a documentar esos gestos \u00fanicos y espont\u00e1neos con fotograf\u00edas c\u00e1lidas y naturales, perfectas para recordar esos momentos tan especiales.<\/p>                <\/div>\n                <button   class=\"aux-button aux-medium aux-dark-gray aux-round aux-outline\" ><span class=\"aux-overlay\"><\/span><span class=\"aux-text\">Ver Galer\u00eda<\/span><\/button>            <\/div>\n        <\/div>\n                    <div class=\"aux-text-widget-footer\">\n                <div class=\"aux-border-shape-none \">\n                                <\/div>\n            <\/div>\n        \n<\/section><!-- widget-container -->\t\t\t\t<\/div>\n\t\t\t\t<\/div>\n\t\t\t\t<\/div>\n\t\t<div class=\"elementor-element elementor-element-de861d0 e-con-full e-flex e-con e-child\" data-id=\"de861d0\" data-element_type=\"container\">\n\t\t\t\t<div class=\"elementor-element elementor-element-ab2d118 elementor-pagination-position-outside elementor-widget elementor-widget-image-carousel\" data-id=\"ab2d118\" data-element_type=\"widget\" data-settings=\"{&quot;slides_to_show&quot;:&quot;1&quot;,&quot;navigation&quot;:&quot;dots&quot;,&quot;autoplay&quot;:&quot;yes&quot;,&quot;pause_on_hover&quot;:&quot;yes&quot;,&quot;pause_on_interaction&quot;:&quot;yes&quot;,&quot;autoplay_speed&quot;:5000,&quot;infinite&quot;:&quot;yes&quot;,&quot;effect&quot;:&quot;slide&quot;,&quot;speed&quot;:500}\" data-widget_type=\"image-carousel.default\">\n\t\t\t\t<div class=\"elementor-widget-container\">\n\t\t\t\t\t\t\t<div class=\"elementor-image-carousel-wrapper swiper\" role=\"region\" aria-roledescription=\"carousel\" aria-label=\"Carrusel de im\u00e1genes\" dir=\"ltr\">\n\t\t\t<div class=\"elementor-image-carousel swiper-wrapper\" aria-live=\"off\">\n\t\t\t\t\t\t\t\t<div class=\"swiper-slide\" role=\"group\" aria-roledescription=\"slide\" aria-label=\"1 de 3\"><figure class=\"swiper-slide-inner\"><img decoding=\"async\" class=\"swiper-slide-image\" src=\"https:\/\/rinconcabrerafotografia.com\/wp-content\/uploads\/2025\/05\/DSC2317-copia.jpg\" alt=\"_DSC2317 copia\" \/><\/figure><\/div><div class=\"swiper-slide\" role=\"group\" aria-roledescription=\"slide\" aria-label=\"2 de 3\"><figure class=\"swiper-slide-inner\"><img decoding=\"async\" class=\"swiper-slide-image\" src=\"https:\/\/rinconcabrerafotografia.com\/wp-content\/uploads\/2025\/05\/DSC5891-copia.jpg\" alt=\"_DSC5891 copia\" \/><\/figure><\/div><div class=\"swiper-slide\" role=\"group\" aria-roledescription=\"slide\" aria-label=\"3 de 3\"><figure class=\"swiper-slide-inner\"><img decoding=\"async\" class=\"swiper-slide-image\" src=\"https:\/\/rinconcabrerafotografia.com\/wp-content\/uploads\/2025\/05\/DSC5919-copia.jpg\" alt=\"_DSC5919 copia\" \/><\/figure><\/div>\t\t\t<\/div>\n\t\t\t\t\t\t\t\n\t\t\t\t\t\t\t\t\t<div class=\"swiper-pagination\"><\/div>\n\t\t\t\t\t\t\t\t\t<\/div>\n\t\t\t\t\t\t<\/div>\n\t\t\t\t<\/div>\n\t\t\t\t<div class=\"elementor-element elementor-element-8811204 elementor-widget elementor-widget-aux_text\" data-id=\"8811204\" data-element_type=\"widget\" data-widget_type=\"aux_text.default\">\n\t\t\t\t<div class=\"elementor-widget-container\">\n\t\t\t\t\t<section class=\"widget-container aux-widget-text aux-parent-au6b1e9b23\">        <div class=\"aux-widget-advanced-text aux-wrap-style-simple aux-ico-pos-top aux-text-center aux-text-resp- aux-text-color-dark aux-text-widget-bg-center  \" >\n        \n            \n            <div class=\"aux-text-inner aux-text-widget-content\">\n                                <h4 class=\"col-title\">Tercera etapa: 7 a 11 meses<\/h4>\n                                <div class=\"widget-content\">\n                                        <p class=\"p1\">\u00a1La curiosidad no tiene l\u00edmites! Aqu\u00ed tu beb\u00e9 se sienta, se mueve y se emociona con cada peque\u00f1o descubrimiento. Nuestras sesiones capturan su alegr\u00eda y vitalidad, creando recuerdos inolvidables con im\u00e1genes llenas de vida.<\/p>                <\/div>\n                <button   class=\"aux-button aux-medium aux-dark-gray aux-round aux-outline\" ><span class=\"aux-overlay\"><\/span><span class=\"aux-text\">Ver Galer\u00eda<\/span><\/button>            <\/div>\n        <\/div>\n                    <div class=\"aux-text-widget-footer\">\n                <div class=\"aux-border-shape-none \">\n                                <\/div>\n            <\/div>\n        \n<\/section><!-- widget-container -->\t\t\t\t<\/div>\n\t\t\t\t<\/div>\n\t\t\t\t<\/div>\n\t\t<div class=\"elementor-element elementor-element-d1b399a e-con-full e-flex e-con e-child\" data-id=\"d1b399a\" data-element_type=\"container\">\n\t\t\t\t<div class=\"elementor-element elementor-element-85fd42b elementor-pagination-position-outside elementor-widget elementor-widget-image-carousel\" data-id=\"85fd42b\" data-element_type=\"widget\" data-settings=\"{&quot;slides_to_show&quot;:&quot;1&quot;,&quot;navigation&quot;:&quot;dots&quot;,&quot;autoplay&quot;:&quot;yes&quot;,&quot;pause_on_hover&quot;:&quot;yes&quot;,&quot;pause_on_interaction&quot;:&quot;yes&quot;,&quot;autoplay_speed&quot;:5000,&quot;infinite&quot;:&quot;yes&quot;,&quot;effect&quot;:&quot;slide&quot;,&quot;speed&quot;:500}\" data-widget_type=\"image-carousel.default\">\n\t\t\t\t<div class=\"elementor-widget-container\">\n\t\t\t\t\t\t\t<div class=\"elementor-image-carousel-wrapper swiper\" role=\"region\" aria-roledescription=\"carousel\" aria-label=\"Carrusel de im\u00e1genes\" dir=\"ltr\">\n\t\t\t<div class=\"elementor-image-carousel swiper-wrapper\" aria-live=\"off\">\n\t\t\t\t\t\t\t\t<div class=\"swiper-slide\" role=\"group\" aria-roledescription=\"slide\" aria-label=\"1 de 2\"><figure class=\"swiper-slide-inner\"><img decoding=\"async\" class=\"swiper-slide-image\" src=\"https:\/\/rinconcabrerafotografia.com\/wp-content\/uploads\/2025\/05\/DSC_1533-copia.jpg\" alt=\"Gemelos en sesi\u00f3n Smash Cake con tem\u00e1tica de dinosaurios para su primer cumplea\u00f1os en Cali \u2013 Rinc\u00f3n Cabrera Fotograf\u00eda.\" \/><\/figure><\/div><div class=\"swiper-slide\" role=\"group\" aria-roledescription=\"slide\" aria-label=\"2 de 2\"><figure class=\"swiper-slide-inner\"><img decoding=\"async\" class=\"swiper-slide-image\" src=\"https:\/\/rinconcabrerafotografia.com\/wp-content\/uploads\/2025\/05\/DSC9164-copiax.jpg\" alt=\"Beb\u00e9 en sesi\u00f3n Smash Cake con tem\u00e1tica de globos y nubes, primer cumplea\u00f1os en Cali \u2013 Rinc\u00f3n Cabrera Fotograf\u00eda.\" \/><\/figure><\/div>\t\t\t<\/div>\n\t\t\t\t\t\t\t\n\t\t\t\t\t\t\t\t\t<div class=\"swiper-pagination\"><\/div>\n\t\t\t\t\t\t\t\t\t<\/div>\n\t\t\t\t\t\t<\/div>\n\t\t\t\t<\/div>\n\t\t\t\t<div class=\"elementor-element elementor-element-c59e6c9 elementor-widget elementor-widget-aux_text\" data-id=\"c59e6c9\" data-element_type=\"widget\" data-widget_type=\"aux_text.default\">\n\t\t\t\t<div class=\"elementor-widget-container\">\n\t\t\t\t\t<section class=\"widget-container aux-widget-text aux-parent-au3dd4856f\">        <div class=\"aux-widget-advanced-text aux-wrap-style-simple aux-ico-pos-top aux-text-center aux-text-resp- aux-text-color-dark aux-text-widget-bg-center  \" >\n        \n            \n            <div class=\"aux-text-inner aux-text-widget-content\">\n                                <h4 class=\"col-title\">Cuarta etapa: Primer a\u00f1o (12 meses)<\/h4>\n                                <div class=\"widget-content\">\n                                        <p class=\"p1\">El gran hito de su primer a\u00f1ito merece un recuerdo \u00fanico. Creamos sesiones personalizadas que celebran su cumplea\u00f1os y ese primer a\u00f1o lleno de logros, con fotos llenas de ternura y emoci\u00f3n que quedar\u00e1n para siempre en tu coraz\u00f3n.<\/p>                <\/div>\n                <button   class=\"aux-button aux-medium aux-dark-gray aux-round aux-outline\" ><span class=\"aux-overlay\"><\/span><span class=\"aux-text\">Ver Galer\u00eda<\/span><\/button>            <\/div>\n        <\/div>\n                    <div class=\"aux-text-widget-footer\">\n                <div class=\"aux-border-shape-none \">\n                                <\/div>\n            <\/div>\n        \n<\/section><!-- widget-container -->\t\t\t\t<\/div>\n\t\t\t\t<\/div>\n\t\t\t\t<\/div>\n\t\t\t\t\t<\/div>\n\t\t\t\t<\/div>\n\t\t\t\t<\/div>\n\t\t","protected":false},"excerpt":{"rendered":"<p>Sesiones de meses para beb\u00e9s: recuerdos que crecen junto a ellos Capturamos los cambios mes a mes de tu beb\u00e9 con sesiones fotogr\u00e1ficas dise\u00f1adas para que se sienta c\u00f3modo y feliz. Desde sus primeras sonrisas hasta sus primeros pasos, documentamos cada momento con im\u00e1genes llenas de amor y naturalidad. Si buscas fotograf\u00eda de beb\u00e9s y [&hellip;]<\/p>\n","protected":false},"author":1,"featured_media":0,"parent":0,"menu_order":0,"comment_status":"closed","ping_status":"closed","template":"","meta":{"_joinchat":[],"footnotes":""},"class_list":["post-729","page","type-page","status-publish","hentry"],"_links":{"self":[{"href":"https:\/\/rinconcabrerafotografia.com\/index.php\/wp-json\/wp\/v2\/pages\/729","targetHints":{"allow":["GET"]}}],"collection":[{"href":"https:\/\/rinconcabrerafotografia.com\/index.php\/wp-json\/wp\/v2\/pages"}],"about":[{"href":"https:\/\/rinconcabrerafotografia.com\/index.php\/wp-json\/wp\/v2\/types\/page"}],"author":[{"embeddable":true,"href":"https:\/\/rinconcabrerafotografia.com\/index.php\/wp-json\/wp\/v2\/users\/1"}],"replies":[{"embeddable":true,"href":"https:\/\/rinconcabrerafotografia.com\/index.php\/wp-json\/wp\/v2\/comments?post=729"}],"version-history":[{"count":77,"href":"https:\/\/rinconcabrerafotografia.com\/index.php\/wp-json\/wp\/v2\/pages\/729\/revisions"}],"predecessor-version":[{"id":2039,"href":"https:\/\/rinconcabrerafotografia.com\/index.php\/wp-json\/wp\/v2\/pages\/729\/revisions\/2039"}],"wp:attachment":[{"href":"https:\/\/rinconcabrerafotografia.com\/index.php\/wp-json\/wp\/v2\/media?parent=729"}],"curies":[{"name":"wp","href":"https:\/\/api.w.org\/{rel}","templated":true}]}}