{"id":731,"date":"2025-05-08T02:01:53","date_gmt":"2025-05-08T02:01:53","guid":{"rendered":"https:\/\/rinconcabrerafotografia.com\/?page_id=731"},"modified":"2025-05-28T02:49:09","modified_gmt":"2025-05-28T02:49:09","slug":"meses-interactivas","status":"publish","type":"page","link":"https:\/\/rinconcabrerafotografia.com\/index.php\/meses-interactivas\/","title":{"rendered":"Meses Interactivas"},"content":{"rendered":"\t\t<div data-elementor-type=\"wp-page\" data-elementor-id=\"731\" class=\"elementor elementor-731\" data-elementor-post-type=\"page\">\n\t\t\t\t<div class=\"aux-parallax-section elementor-element elementor-element-aa007cc e-flex e-con-boxed e-con e-parent\" data-id=\"aa007cc\" data-element_type=\"container\">\n\t\t\t\t\t<div class=\"e-con-inner\">\n\t\t<div class=\"elementor-element elementor-element-c3c490e e-con-full e-flex e-con e-child\" data-id=\"c3c490e\" data-element_type=\"container\">\n\t\t\t\t<div class=\"elementor-element elementor-element-049b237 elementor-widget elementor-widget-heading\" data-id=\"049b237\" data-element_type=\"widget\" data-widget_type=\"heading.default\">\n\t\t\t\t<div class=\"elementor-widget-container\">\n\t\t\t\t\t<h1 class=\"elementor-heading-title elementor-size-default\">Sesiones interactivas para beb\u00e9s: capturando momentos \u00fanicos.<\/h1>\t\t\t\t<\/div>\n\t\t\t\t<\/div>\n\t\t\t\t<div class=\"elementor-element elementor-element-4904b9f elementor-widget elementor-widget-text-editor\" data-id=\"4904b9f\" data-element_type=\"widget\" data-widget_type=\"text-editor.default\">\n\t\t\t\t<div class=\"elementor-widget-container\">\n\t\t\t\t\t\t\t\t\t<p class=\"p1\">Las sesiones interactivas de beb\u00e9s son una forma encantadora de registrar \u00a0experiencias llenas de risas y descubrimientos. Desde el dulce ba\u00f1o de leche hasta la divertida primera vez probando lim\u00f3n o jugando con trozos de sand\u00eda, estas sesiones est\u00e1n pensadas para que tu beb\u00e9 explore el mundo y se divierta. Cada toma est\u00e1 llena de espontaneidad y ternura, creando recuerdos \u00fanicos que conservar\u00e1s para siempre. Queremos que cada imagen hable de la felicidad de esta etapa y de la magia de crecer.<\/p>\t\t\t\t\t\t\t\t<\/div>\n\t\t\t\t<\/div>\n\t\t\t\t<\/div>\n\t\t<div class=\"elementor-element elementor-element-4916d58 e-con-full e-flex e-con e-child\" data-id=\"4916d58\" data-element_type=\"container\">\n\t\t\t\t<div class=\"elementor-element elementor-element-0b63e79 elementor-widget elementor-widget-gallery\" data-id=\"0b63e79\" data-element_type=\"widget\" data-settings=\"{&quot;gallery_layout&quot;:&quot;masonry&quot;,&quot;columns&quot;:3,&quot;lazyload&quot;:&quot;yes&quot;,&quot;columns_tablet&quot;:2,&quot;columns_mobile&quot;:1,&quot;gap&quot;:{&quot;unit&quot;:&quot;px&quot;,&quot;size&quot;:10,&quot;sizes&quot;:[]},&quot;gap_tablet&quot;:{&quot;unit&quot;:&quot;px&quot;,&quot;size&quot;:10,&quot;sizes&quot;:[]},&quot;gap_mobile&quot;:{&quot;unit&quot;:&quot;px&quot;,&quot;size&quot;:10,&quot;sizes&quot;:[]},&quot;link_to&quot;:&quot;file&quot;,&quot;overlay_background&quot;:&quot;yes&quot;,&quot;content_hover_animation&quot;:&quot;fade-in&quot;}\" data-widget_type=\"gallery.default\">\n\t\t\t\t<div class=\"elementor-widget-container\">\n\t\t\t\t\t\t\t<div class=\"elementor-gallery__container\">\n\t\t\t\t\t\t\t<a class=\"e-gallery-item elementor-gallery-item elementor-animated-content\" href=\"https:\/\/rinconcabrerafotografia.com\/wp-content\/uploads\/2025\/05\/DSC2384entrega.jpg\" data-elementor-open-lightbox=\"yes\" data-elementor-lightbox-slideshow=\"0b63e79\" data-elementor-lightbox-title=\"_DSC2384entrega\" data-e-action-hash=\"#elementor-action%3Aaction%3Dlightbox%26settings%3DeyJpZCI6MTc5OSwidXJsIjoiaHR0cHM6XC9cL3JpbmNvbmNhYnJlcmFmb3RvZ3JhZmlhLmNvbVwvd3AtY29udGVudFwvdXBsb2Fkc1wvMjAyNVwvMDVcL0RTQzIzODRlbnRyZWdhLmpwZyIsInNsaWRlc2hvdyI6IjBiNjNlNzkifQ%3D%3D\">\n\t\t\t\t\t<div class=\"e-gallery-image elementor-gallery-item__image\" data-thumbnail=\"https:\/\/rinconcabrerafotografia.com\/wp-content\/uploads\/2025\/05\/DSC2384entrega.jpg\" data-width=\"1980\" data-height=\"1322\" aria-label=\"\" role=\"img\" ><\/div>\n\t\t\t\t\t\t\t\t\t\t\t<div class=\"elementor-gallery-item__overlay\"><\/div>\n\t\t\t\t\t\t\t\t\t\t\t\t\t\t<\/a>\n\t\t\t\t\t\t\t<a class=\"e-gallery-item elementor-gallery-item elementor-animated-content\" href=\"https:\/\/rinconcabrerafotografia.com\/wp-content\/uploads\/2025\/05\/DSC2433entrega.jpg\" data-elementor-open-lightbox=\"yes\" data-elementor-lightbox-slideshow=\"0b63e79\" data-elementor-lightbox-title=\"_DSC2433entrega\" data-e-action-hash=\"#elementor-action%3Aaction%3Dlightbox%26settings%3DeyJpZCI6MTgwMCwidXJsIjoiaHR0cHM6XC9cL3JpbmNvbmNhYnJlcmFmb3RvZ3JhZmlhLmNvbVwvd3AtY29udGVudFwvdXBsb2Fkc1wvMjAyNVwvMDVcL0RTQzI0MzNlbnRyZWdhLmpwZyIsInNsaWRlc2hvdyI6IjBiNjNlNzkifQ%3D%3D\">\n\t\t\t\t\t<div class=\"e-gallery-image elementor-gallery-item__image\" data-thumbnail=\"https:\/\/rinconcabrerafotografia.com\/wp-content\/uploads\/2025\/05\/DSC2433entrega.jpg\" data-width=\"1980\" data-height=\"1322\" aria-label=\"\" role=\"img\" ><\/div>\n\t\t\t\t\t\t\t\t\t\t\t<div class=\"elementor-gallery-item__overlay\"><\/div>\n\t\t\t\t\t\t\t\t\t\t\t\t\t\t<\/a>\n\t\t\t\t\t\t\t<a class=\"e-gallery-item elementor-gallery-item elementor-animated-content\" href=\"https:\/\/rinconcabrerafotografia.com\/wp-content\/uploads\/2025\/05\/DSC2509plegable.jpg\" data-elementor-open-lightbox=\"yes\" data-elementor-lightbox-slideshow=\"0b63e79\" data-elementor-lightbox-title=\"_DSC2509plegable\" data-e-action-hash=\"#elementor-action%3Aaction%3Dlightbox%26settings%3DeyJpZCI6MTgwMSwidXJsIjoiaHR0cHM6XC9cL3JpbmNvbmNhYnJlcmFmb3RvZ3JhZmlhLmNvbVwvd3AtY29udGVudFwvdXBsb2Fkc1wvMjAyNVwvMDVcL0RTQzI1MDlwbGVnYWJsZS5qcGciLCJzbGlkZXNob3ciOiIwYjYzZTc5In0%3D\">\n\t\t\t\t\t<div class=\"e-gallery-image elementor-gallery-item__image\" data-thumbnail=\"https:\/\/rinconcabrerafotografia.com\/wp-content\/uploads\/2025\/05\/DSC2509plegable.jpg\" data-width=\"1980\" data-height=\"1322\" aria-label=\"\" role=\"img\" ><\/div>\n\t\t\t\t\t\t\t\t\t\t\t<div class=\"elementor-gallery-item__overlay\"><\/div>\n\t\t\t\t\t\t\t\t\t\t\t\t\t\t<\/a>\n\t\t\t\t\t\t\t<a class=\"e-gallery-item elementor-gallery-item elementor-animated-content\" href=\"https:\/\/rinconcabrerafotografia.com\/wp-content\/uploads\/2025\/05\/DSC5076nue.jpg\" data-elementor-open-lightbox=\"yes\" data-elementor-lightbox-slideshow=\"0b63e79\" data-elementor-lightbox-title=\"_DSC5076nue\" data-e-action-hash=\"#elementor-action%3Aaction%3Dlightbox%26settings%3DeyJpZCI6MTgwMiwidXJsIjoiaHR0cHM6XC9cL3JpbmNvbmNhYnJlcmFmb3RvZ3JhZmlhLmNvbVwvd3AtY29udGVudFwvdXBsb2Fkc1wvMjAyNVwvMDVcL0RTQzUwNzZudWUuanBnIiwic2xpZGVzaG93IjoiMGI2M2U3OSJ9\">\n\t\t\t\t\t<div class=\"e-gallery-image elementor-gallery-item__image\" data-thumbnail=\"https:\/\/rinconcabrerafotografia.com\/wp-content\/uploads\/2025\/05\/DSC5076nue.jpg\" data-width=\"1980\" data-height=\"1322\" aria-label=\"\" role=\"img\" ><\/div>\n\t\t\t\t\t\t\t\t\t\t\t<div class=\"elementor-gallery-item__overlay\"><\/div>\n\t\t\t\t\t\t\t\t\t\t\t\t\t\t<\/a>\n\t\t\t\t\t\t\t<a class=\"e-gallery-item elementor-gallery-item elementor-animated-content\" href=\"https:\/\/rinconcabrerafotografia.com\/wp-content\/uploads\/2025\/05\/DSC_0579-copia-1.jpg\" data-elementor-open-lightbox=\"yes\" data-elementor-lightbox-slideshow=\"0b63e79\" data-elementor-lightbox-title=\"DSC_0579 copia\" data-e-action-hash=\"#elementor-action%3Aaction%3Dlightbox%26settings%3DeyJpZCI6MTgxMSwidXJsIjoiaHR0cHM6XC9cL3JpbmNvbmNhYnJlcmFmb3RvZ3JhZmlhLmNvbVwvd3AtY29udGVudFwvdXBsb2Fkc1wvMjAyNVwvMDVcL0RTQ18wNTc5LWNvcGlhLTEuanBnIiwic2xpZGVzaG93IjoiMGI2M2U3OSJ9\">\n\t\t\t\t\t<div class=\"e-gallery-image elementor-gallery-item__image\" data-thumbnail=\"https:\/\/rinconcabrerafotografia.com\/wp-content\/uploads\/2025\/05\/DSC_0579-copia-1.jpg\" data-width=\"1342\" data-height=\"1980\" aria-label=\"\" role=\"img\" ><\/div>\n\t\t\t\t\t\t\t\t\t\t\t<div class=\"elementor-gallery-item__overlay\"><\/div>\n\t\t\t\t\t\t\t\t\t\t\t\t\t\t<\/a>\n\t\t\t\t\t\t\t<a class=\"e-gallery-item elementor-gallery-item elementor-animated-content\" href=\"https:\/\/rinconcabrerafotografia.com\/wp-content\/uploads\/2025\/05\/DSC5112-copia.jpg\" data-elementor-open-lightbox=\"yes\" data-elementor-lightbox-slideshow=\"0b63e79\" data-elementor-lightbox-title=\"_DSC5112 copia\" data-e-action-hash=\"#elementor-action%3Aaction%3Dlightbox%26settings%3DeyJpZCI6MTgwNCwidXJsIjoiaHR0cHM6XC9cL3JpbmNvbmNhYnJlcmFmb3RvZ3JhZmlhLmNvbVwvd3AtY29udGVudFwvdXBsb2Fkc1wvMjAyNVwvMDVcL0RTQzUxMTItY29waWEuanBnIiwic2xpZGVzaG93IjoiMGI2M2U3OSJ9\">\n\t\t\t\t\t<div class=\"e-gallery-image elementor-gallery-item__image\" data-thumbnail=\"https:\/\/rinconcabrerafotografia.com\/wp-content\/uploads\/2025\/05\/DSC5112-copia.jpg\" data-width=\"1980\" data-height=\"1322\" aria-label=\"\" role=\"img\" ><\/div>\n\t\t\t\t\t\t\t\t\t\t\t<div class=\"elementor-gallery-item__overlay\"><\/div>\n\t\t\t\t\t\t\t\t\t\t\t\t\t\t<\/a>\n\t\t\t\t\t\t\t<a class=\"e-gallery-item elementor-gallery-item elementor-animated-content\" href=\"https:\/\/rinconcabrerafotografia.com\/wp-content\/uploads\/2025\/05\/DSC_3603-copia.jpg\" data-elementor-open-lightbox=\"yes\" data-elementor-lightbox-slideshow=\"0b63e79\" data-elementor-lightbox-title=\"DSC_3603 copia\" data-e-action-hash=\"#elementor-action%3Aaction%3Dlightbox%26settings%3DeyJpZCI6MTgyMCwidXJsIjoiaHR0cHM6XC9cL3JpbmNvbmNhYnJlcmFmb3RvZ3JhZmlhLmNvbVwvd3AtY29udGVudFwvdXBsb2Fkc1wvMjAyNVwvMDVcL0RTQ18zNjAzLWNvcGlhLmpwZyIsInNsaWRlc2hvdyI6IjBiNjNlNzkifQ%3D%3D\">\n\t\t\t\t\t<div class=\"e-gallery-image elementor-gallery-item__image\" data-thumbnail=\"https:\/\/rinconcabrerafotografia.com\/wp-content\/uploads\/2025\/05\/DSC_3603-copia.jpg\" data-width=\"1980\" data-height=\"1317\" aria-label=\"\" role=\"img\" ><\/div>\n\t\t\t\t\t\t\t\t\t\t\t<div class=\"elementor-gallery-item__overlay\"><\/div>\n\t\t\t\t\t\t\t\t\t\t\t\t\t\t<\/a>\n\t\t\t\t\t\t\t<a class=\"e-gallery-item elementor-gallery-item elementor-animated-content\" href=\"https:\/\/rinconcabrerafotografia.com\/wp-content\/uploads\/2025\/05\/DSC_3565-copia.jpg\" data-elementor-open-lightbox=\"yes\" data-elementor-lightbox-slideshow=\"0b63e79\" data-elementor-lightbox-title=\"DSC_3565 copia\" data-e-action-hash=\"#elementor-action%3Aaction%3Dlightbox%26settings%3DeyJpZCI6MTgxNywidXJsIjoiaHR0cHM6XC9cL3JpbmNvbmNhYnJlcmFmb3RvZ3JhZmlhLmNvbVwvd3AtY29udGVudFwvdXBsb2Fkc1wvMjAyNVwvMDVcL0RTQ18zNTY1LWNvcGlhLmpwZyIsInNsaWRlc2hvdyI6IjBiNjNlNzkifQ%3D%3D\">\n\t\t\t\t\t<div class=\"e-gallery-image elementor-gallery-item__image\" data-thumbnail=\"https:\/\/rinconcabrerafotografia.com\/wp-content\/uploads\/2025\/05\/DSC_3565-copia.jpg\" data-width=\"1317\" data-height=\"1980\" aria-label=\"\" role=\"img\" ><\/div>\n\t\t\t\t\t\t\t\t\t\t\t<div class=\"elementor-gallery-item__overlay\"><\/div>\n\t\t\t\t\t\t\t\t\t\t\t\t\t\t<\/a>\n\t\t\t\t\t\t\t<a class=\"e-gallery-item elementor-gallery-item elementor-animated-content\" href=\"https:\/\/rinconcabrerafotografia.com\/wp-content\/uploads\/2025\/05\/DSC_3541-copia-2.jpg\" data-elementor-open-lightbox=\"yes\" data-elementor-lightbox-slideshow=\"0b63e79\" data-elementor-lightbox-title=\"DSC_3541 copia 2\" data-e-action-hash=\"#elementor-action%3Aaction%3Dlightbox%26settings%3DeyJpZCI6MTgxMiwidXJsIjoiaHR0cHM6XC9cL3JpbmNvbmNhYnJlcmFmb3RvZ3JhZmlhLmNvbVwvd3AtY29udGVudFwvdXBsb2Fkc1wvMjAyNVwvMDVcL0RTQ18zNTQxLWNvcGlhLTIuanBnIiwic2xpZGVzaG93IjoiMGI2M2U3OSJ9\">\n\t\t\t\t\t<div class=\"e-gallery-image elementor-gallery-item__image\" data-thumbnail=\"https:\/\/rinconcabrerafotografia.com\/wp-content\/uploads\/2025\/05\/DSC_3541-copia-2.jpg\" data-width=\"1980\" data-height=\"1318\" aria-label=\"\" role=\"img\" ><\/div>\n\t\t\t\t\t\t\t\t\t\t\t<div class=\"elementor-gallery-item__overlay\"><\/div>\n\t\t\t\t\t\t\t\t\t\t\t\t\t\t<\/a>\n\t\t\t\t\t\t\t<a class=\"e-gallery-item elementor-gallery-item elementor-animated-content\" href=\"https:\/\/rinconcabrerafotografia.com\/wp-content\/uploads\/2025\/05\/DSC5147-copia.jpg\" data-elementor-open-lightbox=\"yes\" data-elementor-lightbox-slideshow=\"0b63e79\" data-elementor-lightbox-title=\"_DSC5147 copia\" data-e-action-hash=\"#elementor-action%3Aaction%3Dlightbox%26settings%3DeyJpZCI6MTgwNSwidXJsIjoiaHR0cHM6XC9cL3JpbmNvbmNhYnJlcmFmb3RvZ3JhZmlhLmNvbVwvd3AtY29udGVudFwvdXBsb2Fkc1wvMjAyNVwvMDVcL0RTQzUxNDctY29waWEuanBnIiwic2xpZGVzaG93IjoiMGI2M2U3OSJ9\">\n\t\t\t\t\t<div class=\"e-gallery-image elementor-gallery-item__image\" data-thumbnail=\"https:\/\/rinconcabrerafotografia.com\/wp-content\/uploads\/2025\/05\/DSC5147-copia.jpg\" data-width=\"1980\" data-height=\"1322\" aria-label=\"\" role=\"img\" ><\/div>\n\t\t\t\t\t\t\t\t\t\t\t<div class=\"elementor-gallery-item__overlay\"><\/div>\n\t\t\t\t\t\t\t\t\t\t\t\t\t\t<\/a>\n\t\t\t\t\t\t\t<a class=\"e-gallery-item elementor-gallery-item elementor-animated-content\" href=\"https:\/\/rinconcabrerafotografia.com\/wp-content\/uploads\/2025\/05\/DSC5185-copia.jpg\" data-elementor-open-lightbox=\"yes\" data-elementor-lightbox-slideshow=\"0b63e79\" data-elementor-lightbox-title=\"_DSC5185 copia\" data-e-action-hash=\"#elementor-action%3Aaction%3Dlightbox%26settings%3DeyJpZCI6MTgwNiwidXJsIjoiaHR0cHM6XC9cL3JpbmNvbmNhYnJlcmFmb3RvZ3JhZmlhLmNvbVwvd3AtY29udGVudFwvdXBsb2Fkc1wvMjAyNVwvMDVcL0RTQzUxODUtY29waWEuanBnIiwic2xpZGVzaG93IjoiMGI2M2U3OSJ9\">\n\t\t\t\t\t<div class=\"e-gallery-image elementor-gallery-item__image\" data-thumbnail=\"https:\/\/rinconcabrerafotografia.com\/wp-content\/uploads\/2025\/05\/DSC5185-copia.jpg\" data-width=\"1980\" data-height=\"1322\" aria-label=\"\" role=\"img\" ><\/div>\n\t\t\t\t\t\t\t\t\t\t\t<div class=\"elementor-gallery-item__overlay\"><\/div>\n\t\t\t\t\t\t\t\t\t\t\t\t\t\t<\/a>\n\t\t\t\t\t\t\t<a class=\"e-gallery-item elementor-gallery-item elementor-animated-content\" href=\"https:\/\/rinconcabrerafotografia.com\/wp-content\/uploads\/2025\/05\/DSC8898entrega.jpg\" data-elementor-open-lightbox=\"yes\" data-elementor-lightbox-slideshow=\"0b63e79\" data-elementor-lightbox-title=\"_DSC8898entrega\" data-e-action-hash=\"#elementor-action%3Aaction%3Dlightbox%26settings%3DeyJpZCI6MTgwNywidXJsIjoiaHR0cHM6XC9cL3JpbmNvbmNhYnJlcmFmb3RvZ3JhZmlhLmNvbVwvd3AtY29udGVudFwvdXBsb2Fkc1wvMjAyNVwvMDVcL0RTQzg4OThlbnRyZWdhLmpwZyIsInNsaWRlc2hvdyI6IjBiNjNlNzkifQ%3D%3D\">\n\t\t\t\t\t<div class=\"e-gallery-image elementor-gallery-item__image\" data-thumbnail=\"https:\/\/rinconcabrerafotografia.com\/wp-content\/uploads\/2025\/05\/DSC8898entrega.jpg\" data-width=\"1980\" data-height=\"1322\" aria-label=\"\" role=\"img\" ><\/div>\n\t\t\t\t\t\t\t\t\t\t\t<div class=\"elementor-gallery-item__overlay\"><\/div>\n\t\t\t\t\t\t\t\t\t\t\t\t\t\t<\/a>\n\t\t\t\t\t\t\t<a class=\"e-gallery-item elementor-gallery-item elementor-animated-content\" href=\"https:\/\/rinconcabrerafotografia.com\/wp-content\/uploads\/2025\/05\/DSC8943entrega.jpg\" data-elementor-open-lightbox=\"yes\" data-elementor-lightbox-slideshow=\"0b63e79\" data-elementor-lightbox-title=\"_DSC8943entrega\" data-e-action-hash=\"#elementor-action%3Aaction%3Dlightbox%26settings%3DeyJpZCI6MTgwOSwidXJsIjoiaHR0cHM6XC9cL3JpbmNvbmNhYnJlcmFmb3RvZ3JhZmlhLmNvbVwvd3AtY29udGVudFwvdXBsb2Fkc1wvMjAyNVwvMDVcL0RTQzg5NDNlbnRyZWdhLmpwZyIsInNsaWRlc2hvdyI6IjBiNjNlNzkifQ%3D%3D\">\n\t\t\t\t\t<div class=\"e-gallery-image elementor-gallery-item__image\" data-thumbnail=\"https:\/\/rinconcabrerafotografia.com\/wp-content\/uploads\/2025\/05\/DSC8943entrega.jpg\" data-width=\"1980\" data-height=\"1322\" aria-label=\"\" role=\"img\" ><\/div>\n\t\t\t\t\t\t\t\t\t\t\t<div class=\"elementor-gallery-item__overlay\"><\/div>\n\t\t\t\t\t\t\t\t\t\t\t\t\t\t<\/a>\n\t\t\t\t\t\t\t<a class=\"e-gallery-item elementor-gallery-item elementor-animated-content\" href=\"https:\/\/rinconcabrerafotografia.com\/wp-content\/uploads\/2025\/05\/DSC8977entrega.jpg\" data-elementor-open-lightbox=\"yes\" data-elementor-lightbox-slideshow=\"0b63e79\" data-elementor-lightbox-title=\"_DSC8977entrega\" data-e-action-hash=\"#elementor-action%3Aaction%3Dlightbox%26settings%3DeyJpZCI6MTgxMCwidXJsIjoiaHR0cHM6XC9cL3JpbmNvbmNhYnJlcmFmb3RvZ3JhZmlhLmNvbVwvd3AtY29udGVudFwvdXBsb2Fkc1wvMjAyNVwvMDVcL0RTQzg5NzdlbnRyZWdhLmpwZyIsInNsaWRlc2hvdyI6IjBiNjNlNzkifQ%3D%3D\">\n\t\t\t\t\t<div class=\"e-gallery-image elementor-gallery-item__image\" data-thumbnail=\"https:\/\/rinconcabrerafotografia.com\/wp-content\/uploads\/2025\/05\/DSC8977entrega.jpg\" data-width=\"1322\" data-height=\"1980\" aria-label=\"\" role=\"img\" ><\/div>\n\t\t\t\t\t\t\t\t\t\t\t<div class=\"elementor-gallery-item__overlay\"><\/div>\n\t\t\t\t\t\t\t\t\t\t\t\t\t\t<\/a>\n\t\t\t\t\t\t\t<a class=\"e-gallery-item elementor-gallery-item elementor-animated-content\" href=\"https:\/\/rinconcabrerafotografia.com\/wp-content\/uploads\/2025\/05\/DSC_3629-copia.jpg\" data-elementor-open-lightbox=\"yes\" data-elementor-lightbox-slideshow=\"0b63e79\" data-elementor-lightbox-title=\"DSC_3629 copia\" data-e-action-hash=\"#elementor-action%3Aaction%3Dlightbox%26settings%3DeyJpZCI6MTgyMiwidXJsIjoiaHR0cHM6XC9cL3JpbmNvbmNhYnJlcmFmb3RvZ3JhZmlhLmNvbVwvd3AtY29udGVudFwvdXBsb2Fkc1wvMjAyNVwvMDVcL0RTQ18zNjI5LWNvcGlhLmpwZyIsInNsaWRlc2hvdyI6IjBiNjNlNzkifQ%3D%3D\">\n\t\t\t\t\t<div class=\"e-gallery-image elementor-gallery-item__image\" data-thumbnail=\"https:\/\/rinconcabrerafotografia.com\/wp-content\/uploads\/2025\/05\/DSC_3629-copia.jpg\" data-width=\"1980\" data-height=\"1317\" aria-label=\"\" role=\"img\" ><\/div>\n\t\t\t\t\t\t\t\t\t\t\t<div class=\"elementor-gallery-item__overlay\"><\/div>\n\t\t\t\t\t\t\t\t\t\t\t\t\t\t<\/a>\n\t\t\t\t\t\t\t<a class=\"e-gallery-item elementor-gallery-item elementor-animated-content\" href=\"https:\/\/rinconcabrerafotografia.com\/wp-content\/uploads\/2025\/05\/DSC_3637-copia.jpg\" data-elementor-open-lightbox=\"yes\" data-elementor-lightbox-slideshow=\"0b63e79\" data-elementor-lightbox-title=\"DSC_3637 copia\" data-e-action-hash=\"#elementor-action%3Aaction%3Dlightbox%26settings%3DeyJpZCI6MTgyMywidXJsIjoiaHR0cHM6XC9cL3JpbmNvbmNhYnJlcmFmb3RvZ3JhZmlhLmNvbVwvd3AtY29udGVudFwvdXBsb2Fkc1wvMjAyNVwvMDVcL0RTQ18zNjM3LWNvcGlhLmpwZyIsInNsaWRlc2hvdyI6IjBiNjNlNzkifQ%3D%3D\">\n\t\t\t\t\t<div class=\"e-gallery-image elementor-gallery-item__image\" data-thumbnail=\"https:\/\/rinconcabrerafotografia.com\/wp-content\/uploads\/2025\/05\/DSC_3637-copia.jpg\" data-width=\"1429\" data-height=\"1980\" aria-label=\"\" role=\"img\" ><\/div>\n\t\t\t\t\t\t\t\t\t\t\t<div class=\"elementor-gallery-item__overlay\"><\/div>\n\t\t\t\t\t\t\t\t\t\t\t\t\t\t<\/a>\n\t\t\t\t\t<\/div>\n\t\t\t\t\t<\/div>\n\t\t\t\t<\/div>\n\t\t\t\t<\/div>\n\t\t\t\t\t<\/div>\n\t\t\t\t<\/div>\n\t\t\t\t<\/div>\n\t\t","protected":false},"excerpt":{"rendered":"<p>Sesiones interactivas para beb\u00e9s: capturando momentos \u00fanicos. Las sesiones interactivas de beb\u00e9s son una forma encantadora de registrar \u00a0experiencias llenas de risas y descubrimientos. Desde el dulce ba\u00f1o de leche hasta la divertida primera vez probando lim\u00f3n o jugando con trozos de sand\u00eda, estas sesiones est\u00e1n pensadas para que tu beb\u00e9 explore el mundo y [&hellip;]<\/p>\n","protected":false},"author":1,"featured_media":0,"parent":0,"menu_order":0,"comment_status":"closed","ping_status":"closed","template":"","meta":{"_joinchat":[],"footnotes":""},"class_list":["post-731","page","type-page","status-publish","hentry"],"_links":{"self":[{"href":"https:\/\/rinconcabrerafotografia.com\/index.php\/wp-json\/wp\/v2\/pages\/731","targetHints":{"allow":["GET"]}}],"collection":[{"href":"https:\/\/rinconcabrerafotografia.com\/index.php\/wp-json\/wp\/v2\/pages"}],"about":[{"href":"https:\/\/rinconcabrerafotografia.com\/index.php\/wp-json\/wp\/v2\/types\/page"}],"author":[{"embeddable":true,"href":"https:\/\/rinconcabrerafotografia.com\/index.php\/wp-json\/wp\/v2\/users\/1"}],"replies":[{"embeddable":true,"href":"https:\/\/rinconcabrerafotografia.com\/index.php\/wp-json\/wp\/v2\/comments?post=731"}],"version-history":[{"count":31,"href":"https:\/\/rinconcabrerafotografia.com\/index.php\/wp-json\/wp\/v2\/pages\/731\/revisions"}],"predecessor-version":[{"id":2038,"href":"https:\/\/rinconcabrerafotografia.com\/index.php\/wp-json\/wp\/v2\/pages\/731\/revisions\/2038"}],"wp:attachment":[{"href":"https:\/\/rinconcabrerafotografia.com\/index.php\/wp-json\/wp\/v2\/media?parent=731"}],"curies":[{"name":"wp","href":"https:\/\/api.w.org\/{rel}","templated":true}]}}