{"id":735,"date":"2025-05-08T02:03:11","date_gmt":"2025-05-08T02:03:11","guid":{"rendered":"https:\/\/rinconcabrerafotografia.com\/?page_id=735"},"modified":"2025-05-28T23:46:04","modified_gmt":"2025-05-28T23:46:04","slug":"sesion-de-familia","status":"publish","type":"page","link":"https:\/\/rinconcabrerafotografia.com\/index.php\/sesion-de-familia\/","title":{"rendered":"Sesi\u00f3n de Familia"},"content":{"rendered":"\t\t<div data-elementor-type=\"wp-page\" data-elementor-id=\"735\" class=\"elementor elementor-735\" data-elementor-post-type=\"page\">\n\t\t\t\t<div class=\"aux-parallax-section elementor-element elementor-element-3d6a0f2 e-flex e-con-boxed e-con e-parent\" data-id=\"3d6a0f2\" data-element_type=\"container\">\n\t\t\t\t\t<div class=\"e-con-inner\">\n\t\t\t\t<div class=\"elementor-element elementor-element-28605de elementor-widget__width-initial elementor-widget elementor-widget-heading\" data-id=\"28605de\" data-element_type=\"widget\" data-widget_type=\"heading.default\">\n\t\t\t\t<div class=\"elementor-widget-container\">\n\t\t\t\t\t<h1 class=\"elementor-heading-title elementor-size-default\">Sesiones de Familia en Cali: Momentos que Viven para Siempre<\/h1>\t\t\t\t<\/div>\n\t\t\t\t<\/div>\n\t\t\t\t<div class=\"elementor-element elementor-element-561b37c elementor-widget__width-initial elementor-widget elementor-widget-text-editor\" data-id=\"561b37c\" data-element_type=\"widget\" data-widget_type=\"text-editor.default\">\n\t\t\t\t<div class=\"elementor-widget-container\">\n\t\t\t\t\t\t\t\t\t<p class=\"p1\">Disfruta de una sesi\u00f3n de fotos de familia en Cali llena de alegr\u00eda, calidez y complicidad. Capturamos esos momentos \u00fanicos que reflejan el amor y la uni\u00f3n de tu familia, creando recuerdos llenos de ternura que atesorar\u00e1s para siempre. Nuestra experiencia y cuidado nos permiten crear im\u00e1genes naturales y llenas de vida, donde cada sonrisa y abrazo cuentan su propia historia.<\/p>\t\t\t\t\t\t\t\t<\/div>\n\t\t\t\t<\/div>\n\t\t\t\t<div class=\"elementor-element elementor-element-945adb6 elementor-widget elementor-widget-gallery\" data-id=\"945adb6\" data-element_type=\"widget\" data-settings=\"{&quot;gallery_layout&quot;:&quot;masonry&quot;,&quot;columns&quot;:3,&quot;lazyload&quot;:&quot;yes&quot;,&quot;columns_tablet&quot;:2,&quot;columns_mobile&quot;:1,&quot;gap&quot;:{&quot;unit&quot;:&quot;px&quot;,&quot;size&quot;:10,&quot;sizes&quot;:[]},&quot;gap_tablet&quot;:{&quot;unit&quot;:&quot;px&quot;,&quot;size&quot;:10,&quot;sizes&quot;:[]},&quot;gap_mobile&quot;:{&quot;unit&quot;:&quot;px&quot;,&quot;size&quot;:10,&quot;sizes&quot;:[]},&quot;link_to&quot;:&quot;file&quot;,&quot;content_hover_animation&quot;:&quot;fade-in&quot;}\" data-widget_type=\"gallery.default\">\n\t\t\t\t<div class=\"elementor-widget-container\">\n\t\t\t\t\t\t\t<div class=\"elementor-gallery__container\">\n\t\t\t\t\t\t\t<a class=\"e-gallery-item elementor-gallery-item elementor-animated-content\" href=\"https:\/\/rinconcabrerafotografia.com\/wp-content\/uploads\/2025\/05\/rincon-cabrera-fotografia-87.jpg\" data-elementor-open-lightbox=\"yes\" data-elementor-lightbox-slideshow=\"945adb6\" data-elementor-lightbox-title=\"rincon cabrera fotografia-87\" data-e-action-hash=\"#elementor-action%3Aaction%3Dlightbox%26settings%3DeyJpZCI6MjI1NCwidXJsIjoiaHR0cHM6XC9cL3JpbmNvbmNhYnJlcmFmb3RvZ3JhZmlhLmNvbVwvd3AtY29udGVudFwvdXBsb2Fkc1wvMjAyNVwvMDVcL3JpbmNvbi1jYWJyZXJhLWZvdG9ncmFmaWEtODcuanBnIiwic2xpZGVzaG93IjoiOTQ1YWRiNiJ9\">\n\t\t\t\t\t<div class=\"e-gallery-image elementor-gallery-item__image\" data-thumbnail=\"https:\/\/rinconcabrerafotografia.com\/wp-content\/uploads\/2025\/05\/rincon-cabrera-fotografia-87.jpg\" data-width=\"1980\" data-height=\"1308\" aria-label=\"\" role=\"img\" ><\/div>\n\t\t\t\t\t\t\t\t\t\t\t\t\t\t<\/a>\n\t\t\t\t\t\t\t<a class=\"e-gallery-item elementor-gallery-item elementor-animated-content\" href=\"https:\/\/rinconcabrerafotografia.com\/wp-content\/uploads\/2025\/05\/rincon-cabrera-fotografia-70.jpg\" data-elementor-open-lightbox=\"yes\" data-elementor-lightbox-slideshow=\"945adb6\" data-elementor-lightbox-title=\"rincon cabrera fotografia-70\" data-e-action-hash=\"#elementor-action%3Aaction%3Dlightbox%26settings%3DeyJpZCI6MjI0NCwidXJsIjoiaHR0cHM6XC9cL3JpbmNvbmNhYnJlcmFmb3RvZ3JhZmlhLmNvbVwvd3AtY29udGVudFwvdXBsb2Fkc1wvMjAyNVwvMDVcL3JpbmNvbi1jYWJyZXJhLWZvdG9ncmFmaWEtNzAuanBnIiwic2xpZGVzaG93IjoiOTQ1YWRiNiJ9\">\n\t\t\t\t\t<div class=\"e-gallery-image elementor-gallery-item__image\" data-thumbnail=\"https:\/\/rinconcabrerafotografia.com\/wp-content\/uploads\/2025\/05\/rincon-cabrera-fotografia-70.jpg\" data-width=\"1322\" data-height=\"1980\" aria-label=\"\" role=\"img\" ><\/div>\n\t\t\t\t\t\t\t\t\t\t\t\t\t\t<\/a>\n\t\t\t\t\t\t\t<a class=\"e-gallery-item elementor-gallery-item elementor-animated-content\" href=\"https:\/\/rinconcabrerafotografia.com\/wp-content\/uploads\/2025\/05\/rincon-cabrera-fotografia-86.jpg\" data-elementor-open-lightbox=\"yes\" data-elementor-lightbox-slideshow=\"945adb6\" data-elementor-lightbox-title=\"rincon cabrera fotografia-86\" data-e-action-hash=\"#elementor-action%3Aaction%3Dlightbox%26settings%3DeyJpZCI6MjI1MywidXJsIjoiaHR0cHM6XC9cL3JpbmNvbmNhYnJlcmFmb3RvZ3JhZmlhLmNvbVwvd3AtY29udGVudFwvdXBsb2Fkc1wvMjAyNVwvMDVcL3JpbmNvbi1jYWJyZXJhLWZvdG9ncmFmaWEtODYuanBnIiwic2xpZGVzaG93IjoiOTQ1YWRiNiJ9\">\n\t\t\t\t\t<div class=\"e-gallery-image elementor-gallery-item__image\" data-thumbnail=\"https:\/\/rinconcabrerafotografia.com\/wp-content\/uploads\/2025\/05\/rincon-cabrera-fotografia-86.jpg\" data-width=\"1980\" data-height=\"1322\" aria-label=\"\" role=\"img\" ><\/div>\n\t\t\t\t\t\t\t\t\t\t\t\t\t\t<\/a>\n\t\t\t\t\t\t\t<a class=\"e-gallery-item elementor-gallery-item elementor-animated-content\" href=\"https:\/\/rinconcabrerafotografia.com\/wp-content\/uploads\/2025\/05\/rincon-cabrera-fotografia-80.jpg\" data-elementor-open-lightbox=\"yes\" data-elementor-lightbox-slideshow=\"945adb6\" data-elementor-lightbox-title=\"rincon cabrera fotografia-80\" data-e-action-hash=\"#elementor-action%3Aaction%3Dlightbox%26settings%3DeyJpZCI6MjI0NywidXJsIjoiaHR0cHM6XC9cL3JpbmNvbmNhYnJlcmFmb3RvZ3JhZmlhLmNvbVwvd3AtY29udGVudFwvdXBsb2Fkc1wvMjAyNVwvMDVcL3JpbmNvbi1jYWJyZXJhLWZvdG9ncmFmaWEtODAuanBnIiwic2xpZGVzaG93IjoiOTQ1YWRiNiJ9\">\n\t\t\t\t\t<div class=\"e-gallery-image elementor-gallery-item__image\" data-thumbnail=\"https:\/\/rinconcabrerafotografia.com\/wp-content\/uploads\/2025\/05\/rincon-cabrera-fotografia-80.jpg\" data-width=\"1980\" data-height=\"1321\" aria-label=\"\" role=\"img\" ><\/div>\n\t\t\t\t\t\t\t\t\t\t\t\t\t\t<\/a>\n\t\t\t\t\t\t\t<a class=\"e-gallery-item elementor-gallery-item elementor-animated-content\" href=\"https:\/\/rinconcabrerafotografia.com\/wp-content\/uploads\/2025\/05\/rincon-cabrera-fotografia-82.jpg\" data-elementor-open-lightbox=\"yes\" data-elementor-lightbox-slideshow=\"945adb6\" data-elementor-lightbox-title=\"rincon cabrera fotografia-82\" data-e-action-hash=\"#elementor-action%3Aaction%3Dlightbox%26settings%3DeyJpZCI6MjI0OSwidXJsIjoiaHR0cHM6XC9cL3JpbmNvbmNhYnJlcmFmb3RvZ3JhZmlhLmNvbVwvd3AtY29udGVudFwvdXBsb2Fkc1wvMjAyNVwvMDVcL3JpbmNvbi1jYWJyZXJhLWZvdG9ncmFmaWEtODIuanBnIiwic2xpZGVzaG93IjoiOTQ1YWRiNiJ9\">\n\t\t\t\t\t<div class=\"e-gallery-image elementor-gallery-item__image\" data-thumbnail=\"https:\/\/rinconcabrerafotografia.com\/wp-content\/uploads\/2025\/05\/rincon-cabrera-fotografia-82.jpg\" data-width=\"1322\" data-height=\"1980\" aria-label=\"\" role=\"img\" ><\/div>\n\t\t\t\t\t\t\t\t\t\t\t\t\t\t<\/a>\n\t\t\t\t\t\t\t<a class=\"e-gallery-item elementor-gallery-item elementor-animated-content\" href=\"https:\/\/rinconcabrerafotografia.com\/wp-content\/uploads\/2025\/05\/rincon-cabrera-fotografia-81.jpg\" data-elementor-open-lightbox=\"yes\" data-elementor-lightbox-slideshow=\"945adb6\" data-elementor-lightbox-title=\"rincon cabrera fotografia-81\" data-e-action-hash=\"#elementor-action%3Aaction%3Dlightbox%26settings%3DeyJpZCI6MjI0OCwidXJsIjoiaHR0cHM6XC9cL3JpbmNvbmNhYnJlcmFmb3RvZ3JhZmlhLmNvbVwvd3AtY29udGVudFwvdXBsb2Fkc1wvMjAyNVwvMDVcL3JpbmNvbi1jYWJyZXJhLWZvdG9ncmFmaWEtODEuanBnIiwic2xpZGVzaG93IjoiOTQ1YWRiNiJ9\">\n\t\t\t\t\t<div class=\"e-gallery-image elementor-gallery-item__image\" data-thumbnail=\"https:\/\/rinconcabrerafotografia.com\/wp-content\/uploads\/2025\/05\/rincon-cabrera-fotografia-81.jpg\" data-width=\"1980\" data-height=\"1322\" aria-label=\"\" role=\"img\" ><\/div>\n\t\t\t\t\t\t\t\t\t\t\t\t\t\t<\/a>\n\t\t\t\t\t\t\t<a class=\"e-gallery-item elementor-gallery-item elementor-animated-content\" href=\"https:\/\/rinconcabrerafotografia.com\/wp-content\/uploads\/2025\/05\/rincon-cabrera-fotografia-71.jpg\" data-elementor-open-lightbox=\"yes\" data-elementor-lightbox-slideshow=\"945adb6\" data-elementor-lightbox-title=\"rincon cabrera fotografia-71\" data-e-action-hash=\"#elementor-action%3Aaction%3Dlightbox%26settings%3DeyJpZCI6MjI0NSwidXJsIjoiaHR0cHM6XC9cL3JpbmNvbmNhYnJlcmFmb3RvZ3JhZmlhLmNvbVwvd3AtY29udGVudFwvdXBsb2Fkc1wvMjAyNVwvMDVcL3JpbmNvbi1jYWJyZXJhLWZvdG9ncmFmaWEtNzEuanBnIiwic2xpZGVzaG93IjoiOTQ1YWRiNiJ9\">\n\t\t\t\t\t<div class=\"e-gallery-image elementor-gallery-item__image\" data-thumbnail=\"https:\/\/rinconcabrerafotografia.com\/wp-content\/uploads\/2025\/05\/rincon-cabrera-fotografia-71.jpg\" data-width=\"1980\" data-height=\"1322\" aria-label=\"\" role=\"img\" ><\/div>\n\t\t\t\t\t\t\t\t\t\t\t\t\t\t<\/a>\n\t\t\t\t\t\t\t<a class=\"e-gallery-item elementor-gallery-item elementor-animated-content\" href=\"https:\/\/rinconcabrerafotografia.com\/wp-content\/uploads\/2025\/05\/rincon-cabrera-fotografia-32.jpg\" data-elementor-open-lightbox=\"yes\" data-elementor-lightbox-slideshow=\"945adb6\" data-elementor-lightbox-title=\"rincon cabrera fotografia-32\" data-e-action-hash=\"#elementor-action%3Aaction%3Dlightbox%26settings%3DeyJpZCI6MjI0MCwidXJsIjoiaHR0cHM6XC9cL3JpbmNvbmNhYnJlcmFmb3RvZ3JhZmlhLmNvbVwvd3AtY29udGVudFwvdXBsb2Fkc1wvMjAyNVwvMDVcL3JpbmNvbi1jYWJyZXJhLWZvdG9ncmFmaWEtMzIuanBnIiwic2xpZGVzaG93IjoiOTQ1YWRiNiJ9\">\n\t\t\t\t\t<div class=\"e-gallery-image elementor-gallery-item__image\" data-thumbnail=\"https:\/\/rinconcabrerafotografia.com\/wp-content\/uploads\/2025\/05\/rincon-cabrera-fotografia-32.jpg\" data-width=\"1980\" data-height=\"1322\" aria-label=\"\" role=\"img\" ><\/div>\n\t\t\t\t\t\t\t\t\t\t\t\t\t\t<\/a>\n\t\t\t\t\t\t\t<a class=\"e-gallery-item elementor-gallery-item elementor-animated-content\" href=\"https:\/\/rinconcabrerafotografia.com\/wp-content\/uploads\/2025\/05\/rincon-cabrera-fotografia-33.jpg\" data-elementor-open-lightbox=\"yes\" data-elementor-lightbox-slideshow=\"945adb6\" data-elementor-lightbox-title=\"rincon cabrera fotografia-33\" data-e-action-hash=\"#elementor-action%3Aaction%3Dlightbox%26settings%3DeyJpZCI6MjI0MSwidXJsIjoiaHR0cHM6XC9cL3JpbmNvbmNhYnJlcmFmb3RvZ3JhZmlhLmNvbVwvd3AtY29udGVudFwvdXBsb2Fkc1wvMjAyNVwvMDVcL3JpbmNvbi1jYWJyZXJhLWZvdG9ncmFmaWEtMzMuanBnIiwic2xpZGVzaG93IjoiOTQ1YWRiNiJ9\">\n\t\t\t\t\t<div class=\"e-gallery-image elementor-gallery-item__image\" data-thumbnail=\"https:\/\/rinconcabrerafotografia.com\/wp-content\/uploads\/2025\/05\/rincon-cabrera-fotografia-33.jpg\" data-width=\"1980\" data-height=\"1322\" aria-label=\"\" role=\"img\" ><\/div>\n\t\t\t\t\t\t\t\t\t\t\t\t\t\t<\/a>\n\t\t\t\t\t\t\t<a class=\"e-gallery-item elementor-gallery-item elementor-animated-content\" href=\"https:\/\/rinconcabrerafotografia.com\/wp-content\/uploads\/2025\/05\/rincon-cabrera-fotografia-36.jpg\" data-elementor-open-lightbox=\"yes\" data-elementor-lightbox-slideshow=\"945adb6\" data-elementor-lightbox-title=\"rincon cabrera fotografia-36\" data-e-action-hash=\"#elementor-action%3Aaction%3Dlightbox%26settings%3DeyJpZCI6MjI0MywidXJsIjoiaHR0cHM6XC9cL3JpbmNvbmNhYnJlcmFmb3RvZ3JhZmlhLmNvbVwvd3AtY29udGVudFwvdXBsb2Fkc1wvMjAyNVwvMDVcL3JpbmNvbi1jYWJyZXJhLWZvdG9ncmFmaWEtMzYuanBnIiwic2xpZGVzaG93IjoiOTQ1YWRiNiJ9\">\n\t\t\t\t\t<div class=\"e-gallery-image elementor-gallery-item__image\" data-thumbnail=\"https:\/\/rinconcabrerafotografia.com\/wp-content\/uploads\/2025\/05\/rincon-cabrera-fotografia-36.jpg\" data-width=\"1980\" data-height=\"1322\" aria-label=\"\" role=\"img\" ><\/div>\n\t\t\t\t\t\t\t\t\t\t\t\t\t\t<\/a>\n\t\t\t\t\t<\/div>\n\t\t\t\t\t<\/div>\n\t\t\t\t<\/div>\n\t\t\t\t\t<\/div>\n\t\t\t\t<\/div>\n\t\t\t\t<\/div>\n\t\t","protected":false},"excerpt":{"rendered":"<p>Sesiones de Familia en Cali: Momentos que Viven para Siempre Disfruta de una sesi\u00f3n de fotos de familia en Cali llena de alegr\u00eda, calidez y complicidad. Capturamos esos momentos \u00fanicos que reflejan el amor y la uni\u00f3n de tu familia, creando recuerdos llenos de ternura que atesorar\u00e1s para siempre. Nuestra experiencia y cuidado nos permiten [&hellip;]<\/p>\n","protected":false},"author":1,"featured_media":0,"parent":0,"menu_order":0,"comment_status":"closed","ping_status":"closed","template":"","meta":{"_joinchat":[],"footnotes":""},"class_list":["post-735","page","type-page","status-publish","hentry"],"_links":{"self":[{"href":"https:\/\/rinconcabrerafotografia.com\/index.php\/wp-json\/wp\/v2\/pages\/735","targetHints":{"allow":["GET"]}}],"collection":[{"href":"https:\/\/rinconcabrerafotografia.com\/index.php\/wp-json\/wp\/v2\/pages"}],"about":[{"href":"https:\/\/rinconcabrerafotografia.com\/index.php\/wp-json\/wp\/v2\/types\/page"}],"author":[{"embeddable":true,"href":"https:\/\/rinconcabrerafotografia.com\/index.php\/wp-json\/wp\/v2\/users\/1"}],"replies":[{"embeddable":true,"href":"https:\/\/rinconcabrerafotografia.com\/index.php\/wp-json\/wp\/v2\/comments?post=735"}],"version-history":[{"count":7,"href":"https:\/\/rinconcabrerafotografia.com\/index.php\/wp-json\/wp\/v2\/pages\/735\/revisions"}],"predecessor-version":[{"id":2261,"href":"https:\/\/rinconcabrerafotografia.com\/index.php\/wp-json\/wp\/v2\/pages\/735\/revisions\/2261"}],"wp:attachment":[{"href":"https:\/\/rinconcabrerafotografia.com\/index.php\/wp-json\/wp\/v2\/media?parent=735"}],"curies":[{"name":"wp","href":"https:\/\/api.w.org\/{rel}","templated":true}]}}